{"id":9,"date":"2017-02-21T22:28:27","date_gmt":"2017-02-21T21:28:27","guid":{"rendered":"https:\/\/simning.nu\/masters-sm-2017-umea\/?page_id=9"},"modified":"2017-09-08T20:43:46","modified_gmt":"2017-09-08T18:43:46","slug":"boende","status":"publish","type":"page","link":"https:\/\/simning.nu\/umea\/boende\/","title":{"rendered":"Boende"},"content":{"rendered":"<p>Ume\u00e5s nya simhall Navet ligger i centrala Ume\u00e5 med ett tiotal hotell inom g\u00e5ngavst\u00e5nd. Fyra av dessa erbjuder speciella priser under t\u00e4vlingen, se erbjudanden nedan. Kom ih\u00e5g att ange r\u00e4tt bokningskod f\u00f6r att ta del av priserna.<\/p>\n<hr \/>\n<h3><img loading=\"lazy\" decoding=\"async\" class=\"alignright size-medium wp-image-244\" src=\"https:\/\/simning.nu\/umea\/wordpress\/wp-content\/uploads\/2017\/02\/ingermariegrini_comforthotel_winn_63b1355-300x200.jpg\" alt=\"\" width=\"300\" height=\"200\" data-headline=\"Comfort Hotel\" srcset=\"https:\/\/simning.nu\/umea\/wordpress\/wp-content\/uploads\/2017\/02\/ingermariegrini_comforthotel_winn_63b1355-300x200.jpg 300w, https:\/\/simning.nu\/umea\/wordpress\/wp-content\/uploads\/2017\/02\/ingermariegrini_comforthotel_winn_63b1355-768x512.jpg 768w, https:\/\/simning.nu\/umea\/wordpress\/wp-content\/uploads\/2017\/02\/ingermariegrini_comforthotel_winn_63b1355-1024x683.jpg 1024w, https:\/\/simning.nu\/umea\/wordpress\/wp-content\/uploads\/2017\/02\/ingermariegrini_comforthotel_winn_63b1355-1600x1067.jpg 1600w\" sizes=\"auto, (max-width: 300px) 100vw, 300px\" \/>Comfort Hotel Winn Ume\u00e5<\/h3>\n<p><a href=\"https:\/\/www.nordicchoicehotels.se\/comfort\/comfort-hotel-winn\/\" target=\"_blank\" rel=\"noopener\">Comfort Hotel Winn Ume\u00e5<\/a> erbjuder under Masters-SM f\u00f6ljande priser:<\/p>\n<ul>\n<li>Enkelrum 550 kr\/rum\/natt<\/li>\n<li>Dubbelrum 660 kr\/rum\/natt<\/li>\n<li>Treb\u00e4ddsrum 840 kr\/rum\/natt<\/li>\n<li>4-b\u00e4ddsrum 1040 kr\/rum\/natt<\/li>\n<\/ul>\n<p>Priserna \u00e4r per natt och inkluderar moms och frukost. F\u00f6r bokning: kontakta hotellet via e-post p\u00e5 <a href=\"mailto:co.umea@choice.se\" target=\"_blank\" rel=\"noopener\">co.umea@choice.se<\/a> eller via telefon <a href=\"tel:090-71%2011%2027\" target=\"_blank\" rel=\"noopener\">090-71 11 27<\/a>.<\/p>\n<p>Uppge <span style=\"color: #ff0000;\"><strong>Masters SM<\/strong><\/span> och bokningsnummer <span style=\"color: #ff0000;\"><strong>GR005833<\/strong><\/span> vid bokningstillf\u00e4llet. Priserna g\u00e4ller i m\u00e5n av plats och ska bokas <strong>innan 10 november<\/strong>.<\/p>\n<p>Adress: Skolgatan 64, 901 06 Ume\u00e5.<\/p>\n<hr \/>\n<h3><img loading=\"lazy\" decoding=\"async\" class=\"alignright size-medium wp-image-239\" src=\"https:\/\/simning.nu\/umea\/wordpress\/wp-content\/uploads\/2017\/02\/fasad-dag-elite-hotel-mimer-umea-1920x1275-300x203.jpg\" alt=\"\" width=\"300\" height=\"203\" data-headline=\"fasad-dag-elite-hotel-mimer-umea-1920x1275\" srcset=\"https:\/\/simning.nu\/umea\/wordpress\/wp-content\/uploads\/2017\/02\/fasad-dag-elite-hotel-mimer-umea-1920x1275-300x203.jpg 300w, https:\/\/simning.nu\/umea\/wordpress\/wp-content\/uploads\/2017\/02\/fasad-dag-elite-hotel-mimer-umea-1920x1275.jpg 753w\" sizes=\"auto, (max-width: 300px) 100vw, 300px\" \/>Elite Hotel Mimer<\/h3>\n<p><a href=\"https:\/\/www.elite.se\/sv\/hotell\/umea\/hotel-mimer\/\" target=\"_blank\" rel=\"noopener\">Elite Hotel Mimer<\/a> erbjuder under Masters-SM f\u00f6ljande priser:<\/p>\n<ul>\n<li>Enkelrum \u00a0750 kr\/rum\/natt<\/li>\n<li>Dubbelrum \u00a0950 kr\/rum\/natt<\/li>\n<li>Treb\u00e4ddsrum \u00a01750 kr\/rum\/natt<\/li>\n<li>Fyrb\u00e4ddsrum 2350,-\/rum\/natt<\/li>\n<\/ul>\n<p>Priserna inkluderar moms och frukost. F\u00f6r bokning:\u00a0 kontakta hotellet direkt p\u00e5 telefon <strong><a href=\"tel:090-203%2094%2000\">090\u2013203 94 00<\/a><\/strong> eller maila till <a href=\"http:\/\/reservation.mimer@elite.se\/\">reservation.mimer@elite.se<\/a>.<\/p>\n<p>Vid bokningstillf\u00e4llet ska bokningskod <span style=\"color: #ff0000;\"><strong>SIM241117 <\/strong><\/span>uppges f\u00f6r att ta del av erbjudandet. Priser g\u00e4ller i m\u00e5n av plats \u2013 <strong>bokning innan 24 oktober<\/strong>.<\/p>\n<p>Adress: Kungsgatan 75, 903 26 Ume\u00e5.<\/p>\n<hr \/>\n<h3><a href=\"https:\/\/www.scandichotels.se\/plazaumea\" target=\"_blank\" rel=\"noopener\"><img loading=\"lazy\" decoding=\"async\" class=\"alignright size-medium wp-image-227\" src=\"https:\/\/simning.nu\/umea\/wordpress\/wp-content\/uploads\/2017\/02\/img_7607-version-3-225x300.jpg\" alt=\"\" width=\"225\" height=\"300\" data-headline=\"img_7607-version-3\" srcset=\"https:\/\/simning.nu\/umea\/wordpress\/wp-content\/uploads\/2017\/02\/img_7607-version-3-225x300.jpg 225w, https:\/\/simning.nu\/umea\/wordpress\/wp-content\/uploads\/2017\/02\/img_7607-version-3-768x1023.jpg 768w, https:\/\/simning.nu\/umea\/wordpress\/wp-content\/uploads\/2017\/02\/img_7607-version-3-769x1024.jpg 769w, https:\/\/simning.nu\/umea\/wordpress\/wp-content\/uploads\/2017\/02\/img_7607-version-3.jpg 1186w\" sizes=\"auto, (max-width: 225px) 100vw, 225px\" \/><\/a>Scandic Plaza Ume\u00e5<\/h3>\n<p><a href=\"https:\/\/www.scandichotels.se\/plazaumea\" target=\"_blank\" rel=\"noopener\">Scandic Plaza Ume\u00e5<\/a> erbjuder under Masters-SM f\u00f6ljande priser:<\/p>\n<ul>\n<li>Enkelrum 650 kr\/rum\/natt<\/li>\n<li>Dubbelrum 750 kr\/rum\/natt<\/li>\n<li>Treb\u00e4ddsrum 1230 kr\/rum\/natt<\/li>\n<\/ul>\n<p>Priserna inkluderar moms och deras stora frukostbuff\u00e9. F\u00f6r att ta del av erbjudandet, kontakta hotellet direkt p\u00e5 telefon <strong>090\u2013205 63 10<\/strong> eller mejla till <a href=\"mailto:plazaumea@scandichotels.com\">plazaumea@scandichotels.com<\/a>.<\/p>\n<p>Vid bokningstillf\u00e4llet ska bokningskod <span style=\"color: #ff0000;\"><strong>USS241117 <\/strong><\/span>uppges f\u00f6r att ta del av priserna.<\/p>\n<p>Priserna g\u00e4ller i m\u00e5na av plats och kan bokas <strong>fram till den 17 november 2017<\/strong>.<\/p>\n<p>Adress: Storgatan 40, 903 26 Ume\u00e5.<\/p>\n<hr \/>\n<h3><img loading=\"lazy\" decoding=\"async\" class=\"alignright wp-image-248 size-medium\" src=\"https:\/\/simning.nu\/umea\/wordpress\/wp-content\/uploads\/2017\/02\/u26me_fasad_dag-e1504888451348-300x202.jpg\" alt=\"\" width=\"300\" height=\"202\" data-headline=\"ume_fasad_dag\" srcset=\"https:\/\/simning.nu\/umea\/wordpress\/wp-content\/uploads\/2017\/02\/u26me_fasad_dag-e1504888451348-300x202.jpg 300w, https:\/\/simning.nu\/umea\/wordpress\/wp-content\/uploads\/2017\/02\/u26me_fasad_dag-e1504888451348-768x518.jpg 768w, https:\/\/simning.nu\/umea\/wordpress\/wp-content\/uploads\/2017\/02\/u26me_fasad_dag-e1504888451348-1024x691.jpg 1024w, https:\/\/simning.nu\/umea\/wordpress\/wp-content\/uploads\/2017\/02\/u26me_fasad_dag-e1504888451348-1600x1079.jpg 1600w\" sizes=\"auto, (max-width: 300px) 100vw, 300px\" \/>U&amp;Me Hotell<\/h3>\n<p><a href=\"http:\/\/www.umehotel.se\" target=\"_blank\" rel=\"noopener\">U&amp;Me Hotell<\/a> erbjuder under Masters-SM f\u00f6ljande:<\/p>\n<ul>\n<li>Enkelrum Small 590 kr\/rum\/natt<\/li>\n<li>Enkelrum Medium 650kr\/rum\/natt<\/li>\n<li>Dubbelrum 750 kr\/rum\/natt<\/li>\n<li>Treb\u00e4ddsrum 895 kr\/rum\/natt<\/li>\n<\/ul>\n<p>Priserna \u00e4r inklusive moms och frukostbuff\u00e9.<\/p>\n<p>Rummen bokas p\u00e5 <a href=\"http:\/\/www.umehotel.se\" target=\"_blank\" rel=\"noopener\">www.umehotel.se<\/a> med koden <span style=\"color: #ff0000;\"><strong>masters<\/strong><\/span>.<\/p>\n<p>F\u00f6r fr\u00e5gor s\u00e5 g\u00e5r det bra att maila <a href=\"mailto:info@umehotel.se\">info@umehotel.se<\/a><\/p>\n<p>Vi har ett f\u00e5tal rum f\u00f6r 3 personer, s\u00e5 det \u00e4r f\u00f6rst till kvarn som g\u00e4ller.<\/p>\n<p>Adress: Storgatan 46, 903 26 Ume\u00e5.<\/p>\n<hr \/>\n<h3>\u00d6vriga logi-f\u00f6rslag<\/h3>\n<h4>YMCA Hostel och hotel<\/h4>\n<p>J\u00e4rnv\u00e4gsall\u00e9n 20, 903 28 Ume\u00e5<br \/>\nTelefon: 090-18 57 18<br \/>\nE-post: <a href=\"mailto:hostel@kfum.nu\">hostel@kfum.nu<\/a><br \/>\n<a href=\"https:\/\/umea.framtidenjustnu.se\/ymca-hostel\/\">https:\/\/umea.framtidenjustnu.se\/ymca-hostel\/<\/a><\/p>\n<h4>First hotell Dragonen<\/h4>\n<p>V\u00e4stra Norrlandsgatan 5, 903 27 Ume\u00e5<br \/>\n<a href=\"http:\/\/www.firsthotels.se\/Vara-Hotell\/Hotell-i-Sverige\/umea\/First-Hotel-Dragonen\/\">http:\/\/www.firsthotels.se\/Vara-Hotell\/Hotell-i-Sverige\/umea\/First-Hotel-Dragonen\/<\/a><\/p>\n<h4>Hotell Aveny Profil hotels<\/h4>\n<p>Radhusesplanaden 14, 903 28 Ume\u00e5<br \/>\n<a href=\"http:\/\/www.hotelavenyumea-hrez.com\/index_sv.htm\">http:\/\/www.hotelavenyumea-hrez.com\/index_sv.htm<\/a><\/p>\n<h4>OK hotel<\/h4>\n<p>Parkv\u00e4gen 7C, 903 42 Ume\u00e5<br \/>\nTelefon: 090-10 85 00<br \/>\nE-post: <a href=\"mailto:okhotell@vasterbotten.ok.se\">okhotell@vasterbotten.ok.se<br \/>\n<\/a><a href=\"http:\/\/www.okvasterbotten.se\/okhotell\/\">http:\/\/www.okvasterbotten.se\/okhotell\/<\/a><\/p>\n<h4>Clarion Collection hotel Uman<\/h4>\n<p>Storgatan 52, 903 26 Ume\u00e5<br \/>\nTelefon: 090-12 72 20<br \/>\nE-post: <a href=\"mailto:cc.uman@choice.se\">cc.uman@choice.se<br \/>\n<\/a><a href=\"https:\/\/www.nordicchoicehotels.se\/clarion\/clarion-collection-hotel-uman\/\">https:\/\/www.nordicchoicehotels.se\/clarion\/clarion-collection-hotel-uman\/<\/a><\/p>\n<h4>Hotell Pilen<\/h4>\n<p>Pilgatan 5, 903 31 Ume\u00e5<br \/>\nTelefon: 090-14 14 60<br \/>\nE-post: <a href=\"mailto:bokning@hotellpilen.se\">bokning@hotellpilen.se<\/a><br \/>\n<a href=\"http:\/\/www.hotellpilen.se\/\">http:\/\/www.hotellpilen.se\/<\/a><\/p>\n<h4>Scandic Ume\u00e5 syd<\/h4>\n<p>Kom ih\u00e5g att uppge att ni tillh\u00f6r Svenska simf\u00f6rbundet f\u00f6r att f\u00e5 rabatt!<br \/>\nYrkesv\u00e4gen 8, 904 20 Ume\u00e5<br \/>\nTelefon: 090-205 60 00<br \/>\n<a href=\"https:\/\/www.scandichotels.se\/hotell\/sverige\/umea\/scandic-umea-syd\">https:\/\/www.scandichotels.se\/hotell\/sverige\/umea\/scandic-umea-syd<\/a><\/p>\n<h4>STF vandrarhem Ume\u00e5<\/h4>\n<p>V\u00e4stra Esplanaden 10, 903 26 Ume\u00e5<br \/>\nTelefon: 090-77 16 50<br \/>\nE-post: <a href=\"mailto:info@umeavandrarhem.com\">info@umeavandrarhem.com<br \/>\n<\/a><a href=\"http:\/\/www.umeavandrarhem.com\/\">http:\/\/www.umeavandrarhem.com\/<\/a><\/p>\n<h4>Hotell gamla f\u00e4ngelset<\/h4>\n<p>Storgatan 62, 903 30 Ume\u00e5<br \/>\nTelefon: 090-10 03 80<br \/>\n<a href=\"http:\/\/www.hotellgf.se\/\">http:\/\/www.hotellgf.se\/<\/a><\/p>\n","protected":false},"excerpt":{"rendered":"<p>Ume\u00e5s nya simhall Navet ligger i centrala Ume\u00e5 med ett tiotal hotell inom g\u00e5ngavst\u00e5nd. Fyra av dessa erbjuder speciella priser under t\u00e4vlingen, se erbjudanden nedan. Kom ih\u00e5g att ange r\u00e4tt bokningskod f\u00f6r att ta del av priserna. Comfort Hotel Winn<\/p>\n","protected":false},"author":1,"featured_media":0,"parent":0,"menu_order":0,"comment_status":"closed","ping_status":"closed","template":"","meta":{"footnotes":""},"class_list":["post-9","page","type-page","status-publish","hentry"],"_links":{"self":[{"href":"https:\/\/simning.nu\/umea\/wp-json\/wp\/v2\/pages\/9","targetHints":{"allow":["GET"]}}],"collection":[{"href":"https:\/\/simning.nu\/umea\/wp-json\/wp\/v2\/pages"}],"about":[{"href":"https:\/\/simning.nu\/umea\/wp-json\/wp\/v2\/types\/page"}],"author":[{"embeddable":true,"href":"https:\/\/simning.nu\/umea\/wp-json\/wp\/v2\/users\/1"}],"replies":[{"embeddable":true,"href":"https:\/\/simning.nu\/umea\/wp-json\/wp\/v2\/comments?post=9"}],"version-history":[{"count":25,"href":"https:\/\/simning.nu\/umea\/wp-json\/wp\/v2\/pages\/9\/revisions"}],"predecessor-version":[{"id":276,"href":"https:\/\/simning.nu\/umea\/wp-json\/wp\/v2\/pages\/9\/revisions\/276"}],"wp:attachment":[{"href":"https:\/\/simning.nu\/umea\/wp-json\/wp\/v2\/media?parent=9"}],"curies":[{"name":"wp","href":"https:\/\/api.w.org\/{rel}","templated":true}]}}