{"id":74,"date":"2017-02-22T15:53:03","date_gmt":"2017-02-22T14:53:03","guid":{"rendered":"https:\/\/simning.nu\/masters-sm-2017-umea\/?page_id=74"},"modified":"2017-11-28T03:25:44","modified_gmt":"2017-11-28T02:25:44","slug":"om-umea","status":"publish","type":"page","link":"https:\/\/simning.nu\/umea\/om-umea\/","title":{"rendered":"Om Ume\u00e5"},"content":{"rendered":"<p>Njut av n\u00e5gra bilder fr\u00e5n ett vintervackert Ume\u00e5!<\/p>\n<p><img loading=\"lazy\" decoding=\"async\" class=\"alignnone size-large wp-image-105\" src=\"https:\/\/simning.nu\/umea\/wordpress\/wp-content\/uploads\/2017\/03\/slider-vaven-1-1024x366.jpg\" alt=\"\" width=\"750\" height=\"268\" srcset=\"https:\/\/simning.nu\/umea\/wordpress\/wp-content\/uploads\/2017\/03\/slider-vaven-1-1024x366.jpg 1024w, https:\/\/simning.nu\/umea\/wordpress\/wp-content\/uploads\/2017\/03\/slider-vaven-1-300x107.jpg 300w, https:\/\/simning.nu\/umea\/wordpress\/wp-content\/uploads\/2017\/03\/slider-vaven-1-768x274.jpg 768w, https:\/\/simning.nu\/umea\/wordpress\/wp-content\/uploads\/2017\/03\/slider-vaven-1.jpg 1400w\" sizes=\"auto, (max-width: 750px) 100vw, 750px\" \/><\/p>\n<p><img loading=\"lazy\" decoding=\"async\" class=\"alignnone size-large wp-image-104\" src=\"https:\/\/simning.nu\/umea\/wordpress\/wp-content\/uploads\/2017\/03\/slider-radhusparken-solnedgang-1024x366.jpg\" alt=\"\" width=\"750\" height=\"268\" srcset=\"https:\/\/simning.nu\/umea\/wordpress\/wp-content\/uploads\/2017\/03\/slider-radhusparken-solnedgang-1024x366.jpg 1024w, https:\/\/simning.nu\/umea\/wordpress\/wp-content\/uploads\/2017\/03\/slider-radhusparken-solnedgang-300x107.jpg 300w, https:\/\/simning.nu\/umea\/wordpress\/wp-content\/uploads\/2017\/03\/slider-radhusparken-solnedgang-768x274.jpg 768w, https:\/\/simning.nu\/umea\/wordpress\/wp-content\/uploads\/2017\/03\/slider-radhusparken-solnedgang.jpg 1400w\" sizes=\"auto, (max-width: 750px) 100vw, 750px\" \/><\/p>\n<p><img loading=\"lazy\" decoding=\"async\" class=\"alignnone size-large wp-image-94\" src=\"https:\/\/simning.nu\/umea\/wordpress\/wp-content\/uploads\/2017\/03\/slider-navet-alven-1-1024x366.jpg\" alt=\"\" width=\"750\" height=\"268\" srcset=\"https:\/\/simning.nu\/umea\/wordpress\/wp-content\/uploads\/2017\/03\/slider-navet-alven-1-1024x366.jpg 1024w, https:\/\/simning.nu\/umea\/wordpress\/wp-content\/uploads\/2017\/03\/slider-navet-alven-1-300x107.jpg 300w, https:\/\/simning.nu\/umea\/wordpress\/wp-content\/uploads\/2017\/03\/slider-navet-alven-1-768x274.jpg 768w, https:\/\/simning.nu\/umea\/wordpress\/wp-content\/uploads\/2017\/03\/slider-navet-alven-1.jpg 1400w\" sizes=\"auto, (max-width: 750px) 100vw, 750px\" \/><\/p>\n<p><img loading=\"lazy\" decoding=\"async\" class=\"alignnone size-large wp-image-103\" src=\"https:\/\/simning.nu\/umea\/wordpress\/wp-content\/uploads\/2017\/03\/slider-radhusparken-kvall-1024x366.jpg\" alt=\"\" width=\"750\" height=\"268\" srcset=\"https:\/\/simning.nu\/umea\/wordpress\/wp-content\/uploads\/2017\/03\/slider-radhusparken-kvall-1024x366.jpg 1024w, https:\/\/simning.nu\/umea\/wordpress\/wp-content\/uploads\/2017\/03\/slider-radhusparken-kvall-300x107.jpg 300w, https:\/\/simning.nu\/umea\/wordpress\/wp-content\/uploads\/2017\/03\/slider-radhusparken-kvall-768x274.jpg 768w, https:\/\/simning.nu\/umea\/wordpress\/wp-content\/uploads\/2017\/03\/slider-radhusparken-kvall.jpg 1400w\" sizes=\"auto, (max-width: 750px) 100vw, 750px\" \/><\/p>\n<p>&nbsp;<\/p>\n<p>&nbsp;<\/p>\n<p>&nbsp;<\/p>\n","protected":false},"excerpt":{"rendered":"<p>Njut av n\u00e5gra bilder fr\u00e5n ett vintervackert Ume\u00e5! &nbsp; &nbsp; &nbsp;<\/p>\n","protected":false},"author":1,"featured_media":88,"parent":0,"menu_order":0,"comment_status":"closed","ping_status":"closed","template":"","meta":{"footnotes":""},"class_list":["post-74","page","type-page","status-publish","has-post-thumbnail","hentry"],"_links":{"self":[{"href":"https:\/\/simning.nu\/umea\/wp-json\/wp\/v2\/pages\/74","targetHints":{"allow":["GET"]}}],"collection":[{"href":"https:\/\/simning.nu\/umea\/wp-json\/wp\/v2\/pages"}],"about":[{"href":"https:\/\/simning.nu\/umea\/wp-json\/wp\/v2\/types\/page"}],"author":[{"embeddable":true,"href":"https:\/\/simning.nu\/umea\/wp-json\/wp\/v2\/users\/1"}],"replies":[{"embeddable":true,"href":"https:\/\/simning.nu\/umea\/wp-json\/wp\/v2\/comments?post=74"}],"version-history":[{"count":7,"href":"https:\/\/simning.nu\/umea\/wp-json\/wp\/v2\/pages\/74\/revisions"}],"predecessor-version":[{"id":510,"href":"https:\/\/simning.nu\/umea\/wp-json\/wp\/v2\/pages\/74\/revisions\/510"}],"wp:featuredmedia":[{"embeddable":true,"href":"https:\/\/simning.nu\/umea\/wp-json\/wp\/v2\/media\/88"}],"wp:attachment":[{"href":"https:\/\/simning.nu\/umea\/wp-json\/wp\/v2\/media?parent=74"}],"curies":[{"name":"wp","href":"https:\/\/api.w.org\/{rel}","templated":true}]}}