{"id":524,"date":"2017-11-28T14:52:22","date_gmt":"2017-11-28T13:52:22","guid":{"rendered":"https:\/\/simning.nu\/umea\/?page_id=524"},"modified":"2017-11-30T17:00:52","modified_gmt":"2017-11-30T16:00:52","slug":"video","status":"publish","type":"page","link":"https:\/\/simning.nu\/umea\/video\/","title":{"rendered":"Video fr\u00e5n Masters-SM i Ume\u00e5"},"content":{"rendered":"<p>Masters-SM i Ume\u00e5 s\u00e4ndes live p\u00e5 n\u00e4tet via SuperLive och vi har dessutom sparat klippen s\u00e5 ni kan se ert och andras lopp i efterhand! V\u00e4lj en gren nedan f\u00f6r att se klippen fr\u00e5n den grenen, heat f\u00f6r heat.<\/p>\n<h3>FREDAG Pass 1<\/h3>\n<p><a href=\"https:\/\/simning.nu\/umea\/video\/gren-1-200m-medley-damer\/\">Gren 1: 200m medley damer<\/a><br \/>\n<a href=\"https:\/\/simning.nu\/umea\/video\/video-gren-2-200m-medley-herrar\/\">Gren 2: 200m medley herrar<\/a><br \/>\n<a href=\"https:\/\/simning.nu\/umea\/video\/video-gren-3-100m-ryggsim-damer\/\">Gren 3: 100m ryggsim damer<\/a><br \/>\n<a href=\"https:\/\/simning.nu\/umea\/video\/video-gren-4-100m-ryggsim-herrar\/\">Gren 4: 100m ryggsim herrar<\/a> (samt prisutdelning)<br \/>\n<a href=\"https:\/\/simning.nu\/umea\/video\/video-gren-5-100m-fjarilsim-damer\/\">Gren 5: 100m fj\u00e4rilsim damer<\/a><br \/>\n<a href=\"https:\/\/simning.nu\/umea\/video\/video-gren-6-100m-fjarilsim-herrar\/\">Gren 6: 100m fj\u00e4rilsim herrar<\/a><br \/>\n<a href=\"https:\/\/simning.nu\/umea\/video\/video-gren-7-50m-brostsim-damer\/\">Gren 7: 50m br\u00f6stsim damer<\/a><br \/>\n<a href=\"https:\/\/simning.nu\/umea\/video\/video-gren-8-50m-brostsim-herrar\/\">Gren 8: 50m br\u00f6stsim herrar<\/a> (samt prisutdelning)<br \/>\n<a href=\"https:\/\/simning.nu\/umea\/video\/video-gren-9-4x100m-medley-damer\/\">Gren 9: 4x100m medley damer<\/a><br \/>\n<a href=\"https:\/\/simning.nu\/umea\/video\/video-gren-10-4x100m-medley-herrar\/\">Gren 10: 4x100m medley herrar<\/a> (samt prisutdelning)<br \/>\n<a href=\"https:\/\/simning.nu\/umea\/video\/video-gren-11-1500m-frisim-damer\/\">Gren 11: 1500m frisim damer<\/a><br \/>\n<a href=\"https:\/\/simning.nu\/umea\/video\/video-gren-12-800m-frisim-herrar\/\">Gren 12: 800m frisim herrar<\/a> (samt prisutdelning)<\/p>\n<h3>L\u00d6RDAG Pass 2<\/h3>\n<p><a href=\"https:\/\/simning.nu\/umea\/video\/video-gren-13-50m-frisim-damer\/\">Gren 13: 50m frisim damer<\/a><br \/>\n<a href=\"https:\/\/simning.nu\/umea\/video\/video-gren-14-50m-frisim-herrar\/\">Gren 14: 50m frisim herrar<\/a><br \/>\n<a href=\"https:\/\/simning.nu\/umea\/video\/video-gren-15-200m-ryggsim-damer\/\">Gren 15: 200m ryggsim damer<\/a><br \/>\n<a href=\"https:\/\/simning.nu\/umea\/video\/video-gren-16-200m-ryggsim-herrar\/\">Gren 16: 200m ryggsim herrar<\/a> (samt prisutdelning)<br \/>\n<a href=\"https:\/\/simning.nu\/umea\/video\/video-gren-17-50m-fjarilsim-damer\/\">Gren 17: 50m fj\u00e4rilsim damer<\/a><br \/>\n<a href=\"https:\/\/simning.nu\/umea\/video\/video-gren-18-50m-fjarilsim-herrar\/\">Gren 18: 50m fj\u00e4rilsim herrar<\/a><br \/>\n<a href=\"https:\/\/simning.nu\/umea\/video\/video-gren-19-200m-frisim-damer\/\">Gren 19: 200m frisim damer<\/a><br \/>\n<a href=\"https:\/\/simning.nu\/umea\/video\/video-gren-20-200m-frisim-herrar\/\">Gren 20: 200m frisim herrar<\/a> (samt prisutdelning)<br \/>\n<a href=\"https:\/\/simning.nu\/umea\/video\/video-gren-21-4x100m-frisim-damer\/\">Gren 21: 4x100m frisim damer<\/a><br \/>\n<a href=\"https:\/\/simning.nu\/umea\/video\/video-gren-22-4x100m-frisim-herrar\/\">Gren 22: 4x100m frisim herrar<\/a> (samt prisutdelning)<\/p>\n<h3>L\u00d6RDAG Pass 3<\/h3>\n<p><a href=\"https:\/\/simning.nu\/umea\/video\/video-gren-23-4x100m-frisim-mixed\/\">Gren 23: 4x100m frisim mixed<\/a> (samt prisutdelning och avtackning Lars Edstedt)<br \/>\n<a href=\"https:\/\/simning.nu\/umea\/video\/video-gren-24-50m-ryggsim-damer\/\">Gren 24: 50m ryggsim damer<\/a><br \/>\n<a href=\"https:\/\/simning.nu\/umea\/video\/video-gren-25-50m-ryggsim-herrar\/\">Gren 25: 50m ryggsim herrar<\/a><br \/>\n<a href=\"https:\/\/simning.nu\/umea\/video\/video-gren-26-100m-brostsim-damer\/\">Gren 26: 100m br\u00f6stsim damer<\/a> (samt prisutdelning)<br \/>\n<a href=\"https:\/\/simning.nu\/umea\/video\/video-gren-27-100m-brostsim-herrar\/\">Gren 27: 100m br\u00f6stsim herrar<\/a><br \/>\n<a href=\"https:\/\/simning.nu\/umea\/video\/video-gren-28-100m-frisim-damer\/\">Gren 28: 100m frisim damer<\/a><br \/>\n<a href=\"https:\/\/simning.nu\/umea\/video\/video-gren-29-100m-frisim-herrar\/\">Gren 29: 100m frisim herrar<\/a> (samt prisutdelning)<br \/>\n<a href=\"https:\/\/simning.nu\/umea\/video\/video-gren-30-4x100m-medley-mixed\/\">Gren 30: 4x100m medley mixed<\/a> (samt prisutdelning och vinnande klubb Neptun som kastar tr\u00e4naren i vattnet)<\/p>\n<p>&nbsp;<\/p>\n","protected":false},"excerpt":{"rendered":"<p>Masters-SM i Ume\u00e5 s\u00e4ndes live p\u00e5 n\u00e4tet via SuperLive och vi har dessutom sparat klippen s\u00e5 ni kan se ert och andras lopp i efterhand! V\u00e4lj en gren nedan f\u00f6r att se klippen fr\u00e5n den grenen, heat f\u00f6r heat. FREDAG<\/p>\n","protected":false},"author":1,"featured_media":675,"parent":0,"menu_order":0,"comment_status":"closed","ping_status":"closed","template":"","meta":{"footnotes":""},"class_list":["post-524","page","type-page","status-publish","has-post-thumbnail","hentry"],"_links":{"self":[{"href":"https:\/\/simning.nu\/umea\/wp-json\/wp\/v2\/pages\/524","targetHints":{"allow":["GET"]}}],"collection":[{"href":"https:\/\/simning.nu\/umea\/wp-json\/wp\/v2\/pages"}],"about":[{"href":"https:\/\/simning.nu\/umea\/wp-json\/wp\/v2\/types\/page"}],"author":[{"embeddable":true,"href":"https:\/\/simning.nu\/umea\/wp-json\/wp\/v2\/users\/1"}],"replies":[{"embeddable":true,"href":"https:\/\/simning.nu\/umea\/wp-json\/wp\/v2\/comments?post=524"}],"version-history":[{"count":7,"href":"https:\/\/simning.nu\/umea\/wp-json\/wp\/v2\/pages\/524\/revisions"}],"predecessor-version":[{"id":686,"href":"https:\/\/simning.nu\/umea\/wp-json\/wp\/v2\/pages\/524\/revisions\/686"}],"wp:featuredmedia":[{"embeddable":true,"href":"https:\/\/simning.nu\/umea\/wp-json\/wp\/v2\/media\/675"}],"wp:attachment":[{"href":"https:\/\/simning.nu\/umea\/wp-json\/wp\/v2\/media?parent=524"}],"curies":[{"name":"wp","href":"https:\/\/api.w.org\/{rel}","templated":true}]}}