{"id":5,"date":"2017-02-21T22:27:37","date_gmt":"2017-02-21T21:27:37","guid":{"rendered":"https:\/\/simning.nu\/masters-sm-2017-umea\/?page_id=5"},"modified":"2017-11-13T10:45:57","modified_gmt":"2017-11-13T09:45:57","slug":"inbjudan-pm","status":"publish","type":"page","link":"https:\/\/simning.nu\/umea\/inbjudan-pm\/","title":{"rendered":"Inbjudan &#038; PM"},"content":{"rendered":"<h4>Startlista<\/h4>\n<p><a href=\"http:\/\/www.livetiming.se\/program.php?cid=3464&amp;session=0&amp;all=1\" target=\"_blank\" rel=\"noopener\">Klicka h\u00e4r f\u00f6r startlistan till Masters-SM i Ume\u00e5.<\/a><\/p>\n<h4>PM<\/h4>\n<p><a href=\"https:\/\/simning.nu\/umea\/wordpress\/wp-content\/uploads\/2017\/02\/pm-masters-sm-50-m-umea-2017.pdf\" target=\"_blank\" rel=\"noopener\">Klicka h\u00e4r f\u00f6r PM till Masters-SM i Ume\u00e5 (PDF).<\/a><\/p>\n<h4>Inbjudan<\/h4>\n<p><a href=\"https:\/\/simning.nu\/umea\/wordpress\/wp-content\/uploads\/2017\/02\/inbjudan-masters-sm-50-m-umea-2017.pdf\" target=\"_blank\" rel=\"noopener\">Klicka h\u00e4r f\u00f6r inbjudan till Masters-SM i Ume\u00e5 (PDF).<\/a><\/p>\n<h4>Invitation in English<\/h4>\n<p><a href=\"https:\/\/simning.nu\/umea\/wordpress\/wp-content\/uploads\/2017\/02\/invitation-open-swedish-masters-nationals-umea-2017.pdf\">Click here for the Invitation to Open Swedish Masters Nationals Ume\u00e5 (PDF).<\/a><\/p>\n<h4>\u00d6vriga filer<\/h4>\n<p>LENEX: <a href=\"https:\/\/simning.nu\/umea\/wordpress\/wp-content\/uploads\/2017\/02\/invitation-masters-sm-2017-50-m-umea-2017-09-24-1.lef\">Invitation Masters SM 2017 50 M Umea 2017-09-24<\/a><br \/>\n<em>OBS: Ny, korrigerad LENEX-fil 2017-09-25.<\/em><\/p>\n","protected":false},"excerpt":{"rendered":"<p>Startlista Klicka h\u00e4r f\u00f6r startlistan till Masters-SM i Ume\u00e5. PM Klicka h\u00e4r f\u00f6r PM till Masters-SM i Ume\u00e5 (PDF). Inbjudan Klicka h\u00e4r f\u00f6r inbjudan till Masters-SM i Ume\u00e5 (PDF). Invitation in English Click here for the Invitation to Open Swedish<\/p>\n","protected":false},"author":1,"featured_media":0,"parent":0,"menu_order":0,"comment_status":"closed","ping_status":"closed","template":"","meta":{"footnotes":""},"class_list":["post-5","page","type-page","status-publish","hentry"],"_links":{"self":[{"href":"https:\/\/simning.nu\/umea\/wp-json\/wp\/v2\/pages\/5","targetHints":{"allow":["GET"]}}],"collection":[{"href":"https:\/\/simning.nu\/umea\/wp-json\/wp\/v2\/pages"}],"about":[{"href":"https:\/\/simning.nu\/umea\/wp-json\/wp\/v2\/types\/page"}],"author":[{"embeddable":true,"href":"https:\/\/simning.nu\/umea\/wp-json\/wp\/v2\/users\/1"}],"replies":[{"embeddable":true,"href":"https:\/\/simning.nu\/umea\/wp-json\/wp\/v2\/comments?post=5"}],"version-history":[{"count":24,"href":"https:\/\/simning.nu\/umea\/wp-json\/wp\/v2\/pages\/5\/revisions"}],"predecessor-version":[{"id":319,"href":"https:\/\/simning.nu\/umea\/wp-json\/wp\/v2\/pages\/5\/revisions\/319"}],"wp:attachment":[{"href":"https:\/\/simning.nu\/umea\/wp-json\/wp\/v2\/media?parent=5"}],"curies":[{"name":"wp","href":"https:\/\/api.w.org\/{rel}","templated":true}]}}