{"id":466,"date":"2017-11-28T02:12:39","date_gmt":"2017-11-28T01:12:39","guid":{"rendered":"https:\/\/simning.nu\/umea\/?page_id=466"},"modified":"2017-11-28T02:27:44","modified_gmt":"2017-11-28T01:27:44","slug":"avtackning-av-lars-edstedt","status":"publish","type":"page","link":"https:\/\/simning.nu\/umea\/bilder\/avtackning-av-lars-edstedt\/","title":{"rendered":"Avtackning av Lars Edstedt"},"content":{"rendered":"<p><a href=\"https:\/\/simning.nu\/umea\/bilder\/\">\u2190 Tillbaka till alla bilder<\/a><\/p>\n<p>Under Masters-SM i Ume\u00e5 passade hemmaklubben Ume\u00e5 sims\u00e4llskap p\u00e5 att tacka av Lars Edstedt, som precis flyttat s\u00f6derut till Stockholm, f\u00f6r sina 70 \u00e5r (!) i klubben och en l\u00e5ng karri\u00e4r som bland annat t\u00e4vlingssimmare, masters-simmare, aktiv inom svenska simf\u00f6rbundet och funktion\u00e4r p\u00e5 flertalet olympiska spel. USS ordf\u00f6rande Monica Engstr\u00f6m ber\u00e4ttade att styrelsen kommer att f\u00f6resl\u00e5 vid n\u00e4sta \u00e5rsm\u00f6te att Lars Edstedt utn\u00e4mns till hedersmedlem i klubben.<\/p>\n<p><em>Klicka p\u00e5 bilderna f\u00f6r full storlek. Foto: Alexandr Patshin, Ume\u00e5 sims\u00e4llskap.<\/em><\/p>\n<div id='gallery-1' class='gallery galleryid-466 gallery-columns-2 gallery-size-medium'><figure class='gallery-item'>\n\t\t\t<div class='gallery-icon landscape'>\n\t\t\t\t<a href='https:\/\/simning.nu\/umea\/wordpress\/wp-content\/uploads\/2017\/11\/dsc1338-2560x1702.jpg'><img loading=\"lazy\" decoding=\"async\" width=\"300\" height=\"199\" src=\"https:\/\/simning.nu\/umea\/wordpress\/wp-content\/uploads\/2017\/11\/dsc1338-300x199.jpg\" class=\"attachment-medium size-medium\" alt=\"\" srcset=\"https:\/\/simning.nu\/umea\/wordpress\/wp-content\/uploads\/2017\/11\/dsc1338-300x199.jpg 300w, https:\/\/simning.nu\/umea\/wordpress\/wp-content\/uploads\/2017\/11\/dsc1338-768x511.jpg 768w, https:\/\/simning.nu\/umea\/wordpress\/wp-content\/uploads\/2017\/11\/dsc1338-1024x681.jpg 1024w, https:\/\/simning.nu\/umea\/wordpress\/wp-content\/uploads\/2017\/11\/dsc1338-1600x1064.jpg 1600w\" sizes=\"auto, (max-width: 300px) 100vw, 300px\" \/><\/a>\n\t\t\t<\/div><\/figure><figure class='gallery-item'>\n\t\t\t<div class='gallery-icon portrait'>\n\t\t\t\t<a href='https:\/\/simning.nu\/umea\/wordpress\/wp-content\/uploads\/2017\/11\/dsc1342-1702x2560.jpg'><img loading=\"lazy\" decoding=\"async\" width=\"199\" height=\"300\" src=\"https:\/\/simning.nu\/umea\/wordpress\/wp-content\/uploads\/2017\/11\/dsc1342-199x300.jpg\" class=\"attachment-medium size-medium\" alt=\"\" srcset=\"https:\/\/simning.nu\/umea\/wordpress\/wp-content\/uploads\/2017\/11\/dsc1342-199x300.jpg 199w, https:\/\/simning.nu\/umea\/wordpress\/wp-content\/uploads\/2017\/11\/dsc1342-768x1155.jpg 768w, https:\/\/simning.nu\/umea\/wordpress\/wp-content\/uploads\/2017\/11\/dsc1342-681x1024.jpg 681w, https:\/\/simning.nu\/umea\/wordpress\/wp-content\/uploads\/2017\/11\/dsc1342-1064x1600.jpg 1064w, https:\/\/simning.nu\/umea\/wordpress\/wp-content\/uploads\/2017\/11\/dsc1342.jpg 1702w\" sizes=\"auto, (max-width: 199px) 100vw, 199px\" \/><\/a>\n\t\t\t<\/div><\/figure><figure class='gallery-item'>\n\t\t\t<div class='gallery-icon portrait'>\n\t\t\t\t<a href='https:\/\/simning.nu\/umea\/wordpress\/wp-content\/uploads\/2017\/11\/dsc1346-1702x2560.jpg'><img loading=\"lazy\" decoding=\"async\" width=\"199\" height=\"300\" src=\"https:\/\/simning.nu\/umea\/wordpress\/wp-content\/uploads\/2017\/11\/dsc1346-199x300.jpg\" class=\"attachment-medium size-medium\" alt=\"\" aria-describedby=\"gallery-1-469\" srcset=\"https:\/\/simning.nu\/umea\/wordpress\/wp-content\/uploads\/2017\/11\/dsc1346-199x300.jpg 199w, https:\/\/simning.nu\/umea\/wordpress\/wp-content\/uploads\/2017\/11\/dsc1346-768x1155.jpg 768w, https:\/\/simning.nu\/umea\/wordpress\/wp-content\/uploads\/2017\/11\/dsc1346-681x1024.jpg 681w, https:\/\/simning.nu\/umea\/wordpress\/wp-content\/uploads\/2017\/11\/dsc1346-1064x1600.jpg 1064w, https:\/\/simning.nu\/umea\/wordpress\/wp-content\/uploads\/2017\/11\/dsc1346.jpg 1702w\" sizes=\"auto, (max-width: 199px) 100vw, 199px\" \/><\/a>\n\t\t\t<\/div>\n\t\t\t\t<figcaption class='wp-caption-text gallery-caption' id='gallery-1-469'>\n\t\t\t\tLars Edstedt f\u00e5r blommor och kram fr\u00e5n USS vice ordf\u00f6rande Anna S\u00e4fvestad Albinsson\n\t\t\t\t<\/figcaption><\/figure><figure class='gallery-item'>\n\t\t\t<div class='gallery-icon portrait'>\n\t\t\t\t<a href='https:\/\/simning.nu\/umea\/wordpress\/wp-content\/uploads\/2017\/11\/dsc1349-1702x2560.jpg'><img loading=\"lazy\" decoding=\"async\" width=\"199\" height=\"300\" src=\"https:\/\/simning.nu\/umea\/wordpress\/wp-content\/uploads\/2017\/11\/dsc1349-199x300.jpg\" class=\"attachment-medium size-medium\" alt=\"\" aria-describedby=\"gallery-1-470\" srcset=\"https:\/\/simning.nu\/umea\/wordpress\/wp-content\/uploads\/2017\/11\/dsc1349-199x300.jpg 199w, https:\/\/simning.nu\/umea\/wordpress\/wp-content\/uploads\/2017\/11\/dsc1349-768x1155.jpg 768w, https:\/\/simning.nu\/umea\/wordpress\/wp-content\/uploads\/2017\/11\/dsc1349-681x1024.jpg 681w, https:\/\/simning.nu\/umea\/wordpress\/wp-content\/uploads\/2017\/11\/dsc1349-1064x1600.jpg 1064w, https:\/\/simning.nu\/umea\/wordpress\/wp-content\/uploads\/2017\/11\/dsc1349.jpg 1702w\" sizes=\"auto, (max-width: 199px) 100vw, 199px\" \/><\/a>\n\t\t\t<\/div>\n\t\t\t\t<figcaption class='wp-caption-text gallery-caption' id='gallery-1-470'>\n\t\t\t\tStort tack till Lars Edstedt f\u00f6r alla \u00e5r i Ume\u00e5!\n\t\t\t\t<\/figcaption><\/figure>\n\t\t<\/div>\n\n","protected":false},"excerpt":{"rendered":"<p>\u2190 Tillbaka till alla bilder Under Masters-SM i Ume\u00e5 passade hemmaklubben Ume\u00e5 sims\u00e4llskap p\u00e5 att tacka av Lars Edstedt, som precis flyttat s\u00f6derut till Stockholm, f\u00f6r sina 70 \u00e5r (!) i klubben och en l\u00e5ng karri\u00e4r som bland annat t\u00e4vlingssimmare,<\/p>\n","protected":false},"author":1,"featured_media":0,"parent":330,"menu_order":0,"comment_status":"closed","ping_status":"closed","template":"","meta":{"footnotes":""},"class_list":["post-466","page","type-page","status-publish","hentry"],"_links":{"self":[{"href":"https:\/\/simning.nu\/umea\/wp-json\/wp\/v2\/pages\/466","targetHints":{"allow":["GET"]}}],"collection":[{"href":"https:\/\/simning.nu\/umea\/wp-json\/wp\/v2\/pages"}],"about":[{"href":"https:\/\/simning.nu\/umea\/wp-json\/wp\/v2\/types\/page"}],"author":[{"embeddable":true,"href":"https:\/\/simning.nu\/umea\/wp-json\/wp\/v2\/users\/1"}],"replies":[{"embeddable":true,"href":"https:\/\/simning.nu\/umea\/wp-json\/wp\/v2\/comments?post=466"}],"version-history":[{"count":1,"href":"https:\/\/simning.nu\/umea\/wp-json\/wp\/v2\/pages\/466\/revisions"}],"predecessor-version":[{"id":472,"href":"https:\/\/simning.nu\/umea\/wp-json\/wp\/v2\/pages\/466\/revisions\/472"}],"up":[{"embeddable":true,"href":"https:\/\/simning.nu\/umea\/wp-json\/wp\/v2\/pages\/330"}],"wp:attachment":[{"href":"https:\/\/simning.nu\/umea\/wp-json\/wp\/v2\/media?parent=466"}],"curies":[{"name":"wp","href":"https:\/\/api.w.org\/{rel}","templated":true}]}}