{"id":450,"date":"2017-11-28T01:44:34","date_gmt":"2017-11-28T00:44:34","guid":{"rendered":"https:\/\/simning.nu\/umea\/?page_id=450"},"modified":"2017-11-28T14:44:12","modified_gmt":"2017-11-28T13:44:12","slug":"infor-tavlingen","status":"publish","type":"page","link":"https:\/\/simning.nu\/umea\/infor-tavlingen\/","title":{"rendered":"Inf\u00f6r t\u00e4vlingen"},"content":{"rendered":"<p>Masters-SM i Ume\u00e5 \u00e4r \u00f6ver. H\u00e4r \u00e4r n\u00e5gra \u00f6vriga sidor som anv\u00e4ndes inf\u00f6r t\u00e4vlingen.<\/p>\n<p><a href=\"https:\/\/simning.nu\/umea\/anmal-kontaktperson\/\">Anm\u00e4l kontaktperson<\/a><\/p>\n<p><a href=\"https:\/\/simning.nu\/umea\/grenordning\/\">Grenordning<\/a><\/p>\n<p><a href=\"https:\/\/simning.nu\/umea\/inbjudan-pm\/\">Inbjudan &amp; PM<\/a><\/p>\n<p><a href=\"https:\/\/simning.nu\/umea\/res-till-umea\/\">Res till Ume\u00e5<\/a><\/p>\n<p><a href=\"https:\/\/simning.nu\/umea\/boende\/\">Boende<\/a><\/p>\n<p><a href=\"https:\/\/simning.nu\/umea\/mat\/\">Mat<\/a><\/p>\n<p><a href=\"https:\/\/simning.nu\/umea\/kamratfesten\/\">Kamratfesten<\/a><\/p>\n<p>&nbsp;<\/p>\n","protected":false},"excerpt":{"rendered":"<p>Masters-SM i Ume\u00e5 \u00e4r \u00f6ver. H\u00e4r \u00e4r n\u00e5gra \u00f6vriga sidor som anv\u00e4ndes inf\u00f6r t\u00e4vlingen. Anm\u00e4l kontaktperson Grenordning Inbjudan &amp; PM Res till Ume\u00e5 Boende Mat Kamratfesten &nbsp;<\/p>\n","protected":false},"author":1,"featured_media":0,"parent":0,"menu_order":0,"comment_status":"closed","ping_status":"closed","template":"","meta":{"footnotes":""},"class_list":["post-450","page","type-page","status-publish","hentry"],"_links":{"self":[{"href":"https:\/\/simning.nu\/umea\/wp-json\/wp\/v2\/pages\/450","targetHints":{"allow":["GET"]}}],"collection":[{"href":"https:\/\/simning.nu\/umea\/wp-json\/wp\/v2\/pages"}],"about":[{"href":"https:\/\/simning.nu\/umea\/wp-json\/wp\/v2\/types\/page"}],"author":[{"embeddable":true,"href":"https:\/\/simning.nu\/umea\/wp-json\/wp\/v2\/users\/1"}],"replies":[{"embeddable":true,"href":"https:\/\/simning.nu\/umea\/wp-json\/wp\/v2\/comments?post=450"}],"version-history":[{"count":4,"href":"https:\/\/simning.nu\/umea\/wp-json\/wp\/v2\/pages\/450\/revisions"}],"predecessor-version":[{"id":523,"href":"https:\/\/simning.nu\/umea\/wp-json\/wp\/v2\/pages\/450\/revisions\/523"}],"wp:attachment":[{"href":"https:\/\/simning.nu\/umea\/wp-json\/wp\/v2\/media?parent=450"}],"curies":[{"name":"wp","href":"https:\/\/api.w.org\/{rel}","templated":true}]}}