{"id":330,"date":"2017-11-27T08:41:18","date_gmt":"2017-11-27T07:41:18","guid":{"rendered":"https:\/\/simning.nu\/umea\/?page_id=330"},"modified":"2017-11-28T03:20:58","modified_gmt":"2017-11-28T02:20:58","slug":"bilder","status":"publish","type":"page","link":"https:\/\/simning.nu\/umea\/bilder\/","title":{"rendered":"Bilder fr\u00e5n Masters-SM i Ume\u00e5"},"content":{"rendered":"<h3>Guldmedalj\u00f6rerna<\/h3>\n<figure id=\"attachment_417\" aria-describedby=\"caption-attachment-417\" style=\"width: 300px\" class=\"wp-caption alignnone\"><a href=\"\/umea\/bilder\/guldmedaljorerna\/\"><img loading=\"lazy\" decoding=\"async\" class=\"wp-image-417 size-medium\" src=\"https:\/\/simning.nu\/umea\/wordpress\/wp-content\/uploads\/2017\/11\/gren-30-4x100m-medley-mixed-300x199.jpg\" alt=\"\" width=\"300\" height=\"199\" srcset=\"https:\/\/simning.nu\/umea\/wordpress\/wp-content\/uploads\/2017\/11\/gren-30-4x100m-medley-mixed-300x199.jpg 300w, https:\/\/simning.nu\/umea\/wordpress\/wp-content\/uploads\/2017\/11\/gren-30-4x100m-medley-mixed-768x511.jpg 768w, https:\/\/simning.nu\/umea\/wordpress\/wp-content\/uploads\/2017\/11\/gren-30-4x100m-medley-mixed-1024x681.jpg 1024w, https:\/\/simning.nu\/umea\/wordpress\/wp-content\/uploads\/2017\/11\/gren-30-4x100m-medley-mixed-1600x1064.jpg 1600w\" sizes=\"auto, (max-width: 300px) 100vw, 300px\" \/><\/a><figcaption id=\"caption-attachment-417\" class=\"wp-caption-text\">Klicka p\u00e5 bilden f\u00f6r att se bilder fr\u00e5n samtliga prisutdelningar.<\/figcaption><\/figure>\n<h3>Blandade bilder<\/h3>\n<figure id=\"attachment_432\" aria-describedby=\"caption-attachment-432\" style=\"width: 300px\" class=\"wp-caption alignnone\"><a href=\"\/umea\/bilder\/blandade-bilder\/\"><img loading=\"lazy\" decoding=\"async\" class=\"wp-image-432 size-medium\" src=\"https:\/\/simning.nu\/umea\/wordpress\/wp-content\/uploads\/2017\/11\/dsc0767-300x169.jpg\" alt=\"\" width=\"300\" height=\"169\" srcset=\"https:\/\/simning.nu\/umea\/wordpress\/wp-content\/uploads\/2017\/11\/dsc0767-300x169.jpg 300w, https:\/\/simning.nu\/umea\/wordpress\/wp-content\/uploads\/2017\/11\/dsc0767-768x432.jpg 768w, https:\/\/simning.nu\/umea\/wordpress\/wp-content\/uploads\/2017\/11\/dsc0767-1024x576.jpg 1024w, https:\/\/simning.nu\/umea\/wordpress\/wp-content\/uploads\/2017\/11\/dsc0767-1600x900.jpg 1600w\" sizes=\"auto, (max-width: 300px) 100vw, 300px\" \/><\/a><figcaption id=\"caption-attachment-432\" class=\"wp-caption-text\">Klicka p\u00e5 bilden f\u00f6r att se alla bilder.<\/figcaption><\/figure>\n<h3>Avtackning av Lars Edstedt<\/h3>\n<figure id=\"attachment_467\" aria-describedby=\"caption-attachment-467\" style=\"width: 300px\" class=\"wp-caption alignnone\"><a href=\"\/umea\/bilder\/avtackning-av-lars-edstedt\/\"><img loading=\"lazy\" decoding=\"async\" class=\"wp-image-467 size-medium\" src=\"https:\/\/simning.nu\/umea\/wordpress\/wp-content\/uploads\/2017\/11\/dsc1338-300x199.jpg\" alt=\"\" width=\"300\" height=\"199\" srcset=\"https:\/\/simning.nu\/umea\/wordpress\/wp-content\/uploads\/2017\/11\/dsc1338-300x199.jpg 300w, https:\/\/simning.nu\/umea\/wordpress\/wp-content\/uploads\/2017\/11\/dsc1338-768x511.jpg 768w, https:\/\/simning.nu\/umea\/wordpress\/wp-content\/uploads\/2017\/11\/dsc1338-1024x681.jpg 1024w, https:\/\/simning.nu\/umea\/wordpress\/wp-content\/uploads\/2017\/11\/dsc1338-1600x1064.jpg 1600w\" sizes=\"auto, (max-width: 300px) 100vw, 300px\" \/><\/a><figcaption id=\"caption-attachment-467\" class=\"wp-caption-text\">Klicka p\u00e5 bilden f\u00f6r att se alla bilder.<\/figcaption><\/figure>\n","protected":false},"excerpt":{"rendered":"<p>Guldmedalj\u00f6rerna Blandade bilder Avtackning av Lars Edstedt<\/p>\n","protected":false},"author":1,"featured_media":410,"parent":0,"menu_order":0,"comment_status":"closed","ping_status":"closed","template":"","meta":{"footnotes":""},"class_list":["post-330","page","type-page","status-publish","has-post-thumbnail","hentry"],"_links":{"self":[{"href":"https:\/\/simning.nu\/umea\/wp-json\/wp\/v2\/pages\/330","targetHints":{"allow":["GET"]}}],"collection":[{"href":"https:\/\/simning.nu\/umea\/wp-json\/wp\/v2\/pages"}],"about":[{"href":"https:\/\/simning.nu\/umea\/wp-json\/wp\/v2\/types\/page"}],"author":[{"embeddable":true,"href":"https:\/\/simning.nu\/umea\/wp-json\/wp\/v2\/users\/1"}],"replies":[{"embeddable":true,"href":"https:\/\/simning.nu\/umea\/wp-json\/wp\/v2\/comments?post=330"}],"version-history":[{"count":20,"href":"https:\/\/simning.nu\/umea\/wp-json\/wp\/v2\/pages\/330\/revisions"}],"predecessor-version":[{"id":509,"href":"https:\/\/simning.nu\/umea\/wp-json\/wp\/v2\/pages\/330\/revisions\/509"}],"wp:featuredmedia":[{"embeddable":true,"href":"https:\/\/simning.nu\/umea\/wp-json\/wp\/v2\/media\/410"}],"wp:attachment":[{"href":"https:\/\/simning.nu\/umea\/wp-json\/wp\/v2\/media?parent=330"}],"curies":[{"name":"wp","href":"https:\/\/api.w.org\/{rel}","templated":true}]}}