{"id":325,"date":"2017-11-24T22:52:44","date_gmt":"2017-11-24T21:52:44","guid":{"rendered":"https:\/\/simning.nu\/umea\/?page_id=325"},"modified":"2017-11-28T14:01:57","modified_gmt":"2017-11-28T13:01:57","slug":"resultat","status":"publish","type":"page","link":"https:\/\/simning.nu\/umea\/resultat\/","title":{"rendered":"Resultat"},"content":{"rendered":"<p>Resultat fr\u00e5n Masters-SM <a href=\"http:\/\/livetiming.se\/results.php?cid=3464\" target=\"_blank\" rel=\"noopener\">finns p\u00e5 livetimning.se<\/a> och g\u00e5r \u00e4ven att <a href=\"https:\/\/simning.nu\/umea\/wordpress\/wp-content\/uploads\/2017\/11\/resultat-totalt-per-aldersgru-pp-med-poang-och-mellantider.pdf\">ladda ner som PDF genom att klicka h\u00e4r<\/a>.<\/p>\n<p><a href=\"https:\/\/simning.nu\/umea\/wordpress\/wp-content\/uploads\/2017\/11\/results-umea-2017-11-24.lef\">Lenex resultatfil finns att ladda ner h\u00e4r<\/a> (uppdaterad 28 november 2017).<\/p>\n<h3>Po\u00e4ngst\u00e4llningen f\u00f6reningar<\/h3>\n<p>Simklubben Neptun blev b\u00e4sta klubb under Masters-SM i l\u00e5ngbana i Ume\u00e5 2017, f\u00f6ljd av hemmaklubben Ume\u00e5 sims\u00e4llskap p\u00e5 andra plats samt T\u00e4by Sim p\u00e5 tredje plats. Nedan finns samtliga klubbar och deras po\u00e4ng. (<a href=\"https:\/\/simning.nu\/umea\/wordpress\/wp-content\/uploads\/2017\/11\/frening-pong-totalt-totalt.pdf\">Klicka h\u00e4r f\u00f6r PDF med po\u00e4ngst\u00e4llningen.<\/a>)<\/p>\n<table>\n<thead>\n<tr>\n<td><strong>\u00a0Placering<\/strong><\/td>\n<td><strong>F\u00f6rening<\/strong><\/td>\n<td><strong>Totalpo\u00e4ng<\/strong><\/td>\n<\/tr>\n<\/thead>\n<tbody>\n<tr>\n<td>1<\/td>\n<td>Simklubben Neptun<\/td>\n<td>313<\/td>\n<\/tr>\n<tr>\n<td>2<\/td>\n<td>Ume\u00e5 Sims\u00e4llskap<\/td>\n<td>264<\/td>\n<\/tr>\n<tr>\n<td>3<\/td>\n<td>T\u00e4by Sim<\/td>\n<td>224<\/td>\n<\/tr>\n<tr>\n<td>4<\/td>\n<td>Sundsvalls Sims\u00e4llskap<\/td>\n<td>165<\/td>\n<\/tr>\n<tr>\n<td>5<\/td>\n<td>Upsala Sims\u00e4llskap<\/td>\n<td>115<\/td>\n<\/tr>\n<tr>\n<td>6<\/td>\n<td>G\u00f6teborg Sim<\/td>\n<td>105<\/td>\n<\/tr>\n<tr>\n<td>7<\/td>\n<td>Solna Sundbyberg SS 04<\/td>\n<td>95<\/td>\n<\/tr>\n<tr>\n<td>8<\/td>\n<td>Link\u00f6pings Allm\u00e4nna SS<\/td>\n<td>66<\/td>\n<\/tr>\n<tr>\n<td>9<\/td>\n<td>Eskilstuna Simklubb<\/td>\n<td>62<\/td>\n<\/tr>\n<tr>\n<td>10<\/td>\n<td>Danderyds Sim<\/td>\n<td>56<\/td>\n<\/tr>\n<tr>\n<td>11<\/td>\n<td>V\u00e4sby Sims\u00e4llskap<\/td>\n<td>49<\/td>\n<\/tr>\n<tr>\n<td>12<\/td>\n<td>Saltsj\u00f6badens Idrottsf\u00f6rening<\/td>\n<td>46<\/td>\n<\/tr>\n<tr>\n<td>12<\/td>\n<td>IKSU Simning<\/td>\n<td>46<\/td>\n<\/tr>\n<tr>\n<td>14<\/td>\n<td>Kristianstads SLS<\/td>\n<td>43<\/td>\n<\/tr>\n<tr>\n<td>15<\/td>\n<td>S\u00f6dert\u00e4lje Sims\u00e4llskap<\/td>\n<td>40<\/td>\n<\/tr>\n<tr>\n<td>16<\/td>\n<td>V\u00e4ster\u00e5s Sims\u00e4llskap<\/td>\n<td>34<\/td>\n<\/tr>\n<tr>\n<td>17<\/td>\n<td>Hellas Simklubb<\/td>\n<td>29<\/td>\n<\/tr>\n<tr>\n<td>18<\/td>\n<td>\u00d6rebro Simallians<\/td>\n<td>21<\/td>\n<\/tr>\n<tr>\n<td>19<\/td>\n<td>Wisby Sims\u00e4llskap<\/td>\n<td>20<\/td>\n<\/tr>\n<tr>\n<td>20<\/td>\n<td>Falu Sims\u00e4llskap<\/td>\n<td>18<\/td>\n<\/tr>\n<tr>\n<td>20<\/td>\n<td>Nyk\u00f6pings Sims\u00e4llskap<\/td>\n<td>18<\/td>\n<\/tr>\n<tr>\n<td>22<\/td>\n<td>Lule\u00e5 Sims\u00e4llskap<\/td>\n<td>16<\/td>\n<\/tr>\n<tr>\n<td>22<\/td>\n<td>Simklubben Sydsim<\/td>\n<td>16<\/td>\n<\/tr>\n<tr>\n<td>22<\/td>\n<td>\u00d6smo Sims\u00e4llskap<\/td>\n<td>16<\/td>\n<\/tr>\n<tr>\n<td>25<\/td>\n<td>Stockholmspolisens IF SF<\/td>\n<td>15<\/td>\n<\/tr>\n<tr>\n<td>25<\/td>\n<td>M\u00f6lndals Allm\u00e4nna Sims\u00e4llskap<\/td>\n<td>15<\/td>\n<\/tr>\n<tr>\n<td>27<\/td>\n<td>Varberg Sim<\/td>\n<td>14<\/td>\n<\/tr>\n<tr>\n<td>28<\/td>\n<td>\u00d6rnsk\u00f6ldsviks Allm\u00e4nna SS<\/td>\n<td>12<\/td>\n<\/tr>\n<tr>\n<td>29<\/td>\n<td>Helsingborgs Sims\u00e4llskap<\/td>\n<td>10<\/td>\n<\/tr>\n<tr>\n<td>30<\/td>\n<td>Sandvikens Sim och Hoppklubb<\/td>\n<td>9<\/td>\n<\/tr>\n<tr>\n<td>30<\/td>\n<td>Skuru Idrottsklubb<\/td>\n<td>9<\/td>\n<\/tr>\n<tr>\n<td>32<\/td>\n<td>\u00c4lvsj\u00f6 AIK Simf\u00f6rening<\/td>\n<td>8<\/td>\n<\/tr>\n<tr>\n<td>32<\/td>\n<td>G\u00e4vle Sims\u00e4llskap<\/td>\n<td>8<\/td>\n<\/tr>\n<tr>\n<td>34<\/td>\n<td>Lycksele Idrottsf\u00f6rening<\/td>\n<td>7<\/td>\n<\/tr>\n<tr>\n<td>34<\/td>\n<td>Sm\u00e5landsstenars Sims\u00e4llskap<\/td>\n<td>7<\/td>\n<\/tr>\n<tr>\n<td>36<\/td>\n<td>Fagersta Simklubb<\/td>\n<td>6<\/td>\n<\/tr>\n<tr>\n<td>37<\/td>\n<td>Pite\u00e5 Sim<\/td>\n<td>5<\/td>\n<\/tr>\n<tr>\n<td>38<\/td>\n<td>Turebergs Simklubb<\/td>\n<td>4<\/td>\n<\/tr>\n<tr>\n<td>39<\/td>\n<td>Tyres\u00f6 Sims\u00e4llskap<\/td>\n<td>3<\/td>\n<\/tr>\n<tr>\n<td>40<\/td>\n<td>S\u00f6dert\u00f6rns Sims\u00e4llskap<\/td>\n<td>1<\/td>\n<\/tr>\n<\/tbody>\n<\/table>\n","protected":false},"excerpt":{"rendered":"<p>Resultat fr\u00e5n Masters-SM finns p\u00e5 livetimning.se och g\u00e5r \u00e4ven att ladda ner som PDF genom att klicka h\u00e4r. Lenex resultatfil finns att ladda ner h\u00e4r (uppdaterad 28 november 2017). Po\u00e4ngst\u00e4llningen f\u00f6reningar Simklubben Neptun blev b\u00e4sta klubb under Masters-SM i l\u00e5ngbana<\/p>\n","protected":false},"author":1,"featured_media":446,"parent":0,"menu_order":0,"comment_status":"closed","ping_status":"closed","template":"","meta":{"footnotes":""},"class_list":["post-325","page","type-page","status-publish","has-post-thumbnail","hentry"],"_links":{"self":[{"href":"https:\/\/simning.nu\/umea\/wp-json\/wp\/v2\/pages\/325","targetHints":{"allow":["GET"]}}],"collection":[{"href":"https:\/\/simning.nu\/umea\/wp-json\/wp\/v2\/pages"}],"about":[{"href":"https:\/\/simning.nu\/umea\/wp-json\/wp\/v2\/types\/page"}],"author":[{"embeddable":true,"href":"https:\/\/simning.nu\/umea\/wp-json\/wp\/v2\/users\/1"}],"replies":[{"embeddable":true,"href":"https:\/\/simning.nu\/umea\/wp-json\/wp\/v2\/comments?post=325"}],"version-history":[{"count":10,"href":"https:\/\/simning.nu\/umea\/wp-json\/wp\/v2\/pages\/325\/revisions"}],"predecessor-version":[{"id":514,"href":"https:\/\/simning.nu\/umea\/wp-json\/wp\/v2\/pages\/325\/revisions\/514"}],"wp:featuredmedia":[{"embeddable":true,"href":"https:\/\/simning.nu\/umea\/wp-json\/wp\/v2\/media\/446"}],"wp:attachment":[{"href":"https:\/\/simning.nu\/umea\/wp-json\/wp\/v2\/media?parent=325"}],"curies":[{"name":"wp","href":"https:\/\/api.w.org\/{rel}","templated":true}]}}