{"id":19,"date":"2017-02-21T22:30:01","date_gmt":"2017-02-21T21:30:01","guid":{"rendered":"https:\/\/simning.nu\/masters-sm-2017-umea\/?page_id=19"},"modified":"2017-09-08T20:40:52","modified_gmt":"2017-09-08T18:40:52","slug":"simhallen-navet","status":"publish","type":"page","link":"https:\/\/simning.nu\/umea\/simhallen-navet\/","title":{"rendered":"Simhallen (Navet)"},"content":{"rendered":"<p>Navet \u00e4r den splitternya simhallen i Ume\u00e5, med en 50-metersbass\u00e4ng med 10 banor. Simhallen \u00e4r den f\u00f6rsta och enda inomhusanl\u00e4ggningen med l\u00e5ngbana i norra Sverige.<\/p>\n<p>Simhallen stod klar 2016 och invigdes under h\u00f6sten samma \u00e5r. Masters-SM \u00e4r den f\u00f6rsta stora t\u00e4vlingen i denna fina bass\u00e4ng. Navet <a href=\"http:\/\/www.navet.umea.se\/\" target=\"_blank\" rel=\"noopener\">drivs av Ume\u00e5 kommun<\/a>.<\/p>\n<p>Simhallen finns bel\u00e4gen i centrala Ume\u00e5, med god tillg\u00e5ng p\u00e5 mat, shopping och boende samt utm\u00e4rkta kommunikationer. Ume\u00e5s knytpunkt f\u00f6r all lokaltrafik, Vasaplan, ligger alldeles invid Navet. Just nu p\u00e5g\u00e5r det <a href=\"http:\/\/www.tabussen.nu\/ultra\/ombyggnation-vasaplan\/\" target=\"_blank\" rel=\"noopener\">ombyggnation av Vasaplan<\/a> och busstrafiken \u00e4r tillf\u00e4lligt omledd, men fortfarande alldeles intill Navet.<\/p>\n<p>F\u00f6r bes\u00f6kare med bil \u00e4r det enkelt att hitta <a href=\"http:\/\/www.upab.umea.se\/parkeraiumea\/parkeringar.4.20c92392148f96bd89f959f.html\" target=\"_blank\" rel=\"noopener\">parkering<\/a>. I samma byggnad, ovanp\u00e5 simhallen, finns ett parkeringshus (Navet) och alldeles intill ytterligare ett parkeringshus (Nanna).<\/p>\n<p><a href=\"https:\/\/simning.nu\/umea\/wordpress\/wp-content\/uploads\/2017\/03\/slider-navet-ute.jpg\"><img loading=\"lazy\" decoding=\"async\" class=\"alignnone wp-image-102 size-large\" src=\"https:\/\/simning.nu\/umea\/wordpress\/wp-content\/uploads\/2017\/03\/slider-navet-ute-1024x366.jpg\" alt=\"\" width=\"750\" height=\"268\" srcset=\"https:\/\/simning.nu\/umea\/wordpress\/wp-content\/uploads\/2017\/03\/slider-navet-ute-1024x366.jpg 1024w, https:\/\/simning.nu\/umea\/wordpress\/wp-content\/uploads\/2017\/03\/slider-navet-ute-300x107.jpg 300w, https:\/\/simning.nu\/umea\/wordpress\/wp-content\/uploads\/2017\/03\/slider-navet-ute-768x274.jpg 768w, https:\/\/simning.nu\/umea\/wordpress\/wp-content\/uploads\/2017\/03\/slider-navet-ute.jpg 1400w\" sizes=\"auto, (max-width: 750px) 100vw, 750px\" \/><\/a><\/p>\n<p>Nedan bilder fr\u00e5n <a href=\"https:\/\/simning.nu\/umea\/nyheter\/2017\/05\/genrep-for-masters-sm\/\">den allra f\u00f6rsta l\u00e5ngbanet\u00e4vlingen<\/a>, Norrl\u00e4ndska M\u00e4sterskapen, som arrangerades i maj 2017.<\/p>\n<p><a href=\"https:\/\/simning.nu\/umea\/wordpress\/wp-content\/uploads\/2017\/05\/slider-nm-start-uppifran-hornet-2.jpg\"><img loading=\"lazy\" decoding=\"async\" class=\"alignnone wp-image-212 size-large\" src=\"https:\/\/simning.nu\/umea\/wordpress\/wp-content\/uploads\/2017\/05\/slider-nm-start-uppifran-hornet-2-1024x366.jpg\" alt=\"\" width=\"750\" height=\"268\" srcset=\"https:\/\/simning.nu\/umea\/wordpress\/wp-content\/uploads\/2017\/05\/slider-nm-start-uppifran-hornet-2-1024x366.jpg 1024w, https:\/\/simning.nu\/umea\/wordpress\/wp-content\/uploads\/2017\/05\/slider-nm-start-uppifran-hornet-2-300x107.jpg 300w, https:\/\/simning.nu\/umea\/wordpress\/wp-content\/uploads\/2017\/05\/slider-nm-start-uppifran-hornet-2-768x274.jpg 768w, https:\/\/simning.nu\/umea\/wordpress\/wp-content\/uploads\/2017\/05\/slider-nm-start-uppifran-hornet-2.jpg 1400w\" sizes=\"auto, (max-width: 750px) 100vw, 750px\" \/><\/a><\/p>\n<p><a href=\"https:\/\/simning.nu\/umea\/wordpress\/wp-content\/uploads\/2017\/05\/slider-nm-fran-fonsterhornet-2.jpg\"><img loading=\"lazy\" decoding=\"async\" class=\"alignnone wp-image-198 size-large\" src=\"https:\/\/simning.nu\/umea\/wordpress\/wp-content\/uploads\/2017\/05\/slider-nm-fran-fonsterhornet-2-1024x366.jpg\" alt=\"\" width=\"750\" height=\"268\" srcset=\"https:\/\/simning.nu\/umea\/wordpress\/wp-content\/uploads\/2017\/05\/slider-nm-fran-fonsterhornet-2-1024x366.jpg 1024w, https:\/\/simning.nu\/umea\/wordpress\/wp-content\/uploads\/2017\/05\/slider-nm-fran-fonsterhornet-2-300x107.jpg 300w, https:\/\/simning.nu\/umea\/wordpress\/wp-content\/uploads\/2017\/05\/slider-nm-fran-fonsterhornet-2-768x274.jpg 768w, https:\/\/simning.nu\/umea\/wordpress\/wp-content\/uploads\/2017\/05\/slider-nm-fran-fonsterhornet-2.jpg 1400w\" sizes=\"auto, (max-width: 750px) 100vw, 750px\" \/><\/a><\/p>\n<p>&nbsp;<\/p>\n<p>&nbsp;<\/p>\n<p>&nbsp;<\/p>\n","protected":false},"excerpt":{"rendered":"<p>Navet \u00e4r den splitternya simhallen i Ume\u00e5, med en 50-metersbass\u00e4ng med 10 banor. Simhallen \u00e4r den f\u00f6rsta och enda inomhusanl\u00e4ggningen med l\u00e5ngbana i norra Sverige. Simhallen stod klar 2016 och invigdes under h\u00f6sten samma \u00e5r. Masters-SM \u00e4r den f\u00f6rsta stora<\/p>\n","protected":false},"author":1,"featured_media":39,"parent":0,"menu_order":0,"comment_status":"closed","ping_status":"closed","template":"","meta":{"footnotes":""},"class_list":["post-19","page","type-page","status-publish","has-post-thumbnail","hentry"],"_links":{"self":[{"href":"https:\/\/simning.nu\/umea\/wp-json\/wp\/v2\/pages\/19","targetHints":{"allow":["GET"]}}],"collection":[{"href":"https:\/\/simning.nu\/umea\/wp-json\/wp\/v2\/pages"}],"about":[{"href":"https:\/\/simning.nu\/umea\/wp-json\/wp\/v2\/types\/page"}],"author":[{"embeddable":true,"href":"https:\/\/simning.nu\/umea\/wp-json\/wp\/v2\/users\/1"}],"replies":[{"embeddable":true,"href":"https:\/\/simning.nu\/umea\/wp-json\/wp\/v2\/comments?post=19"}],"version-history":[{"count":12,"href":"https:\/\/simning.nu\/umea\/wp-json\/wp\/v2\/pages\/19\/revisions"}],"predecessor-version":[{"id":275,"href":"https:\/\/simning.nu\/umea\/wp-json\/wp\/v2\/pages\/19\/revisions\/275"}],"wp:featuredmedia":[{"embeddable":true,"href":"https:\/\/simning.nu\/umea\/wp-json\/wp\/v2\/media\/39"}],"wp:attachment":[{"href":"https:\/\/simning.nu\/umea\/wp-json\/wp\/v2\/media?parent=19"}],"curies":[{"name":"wp","href":"https:\/\/api.w.org\/{rel}","templated":true}]}}