{"id":17,"date":"2017-02-21T22:29:41","date_gmt":"2017-02-21T21:29:41","guid":{"rendered":"https:\/\/simning.nu\/masters-sm-2017-umea\/?page_id=17"},"modified":"2017-03-22T23:24:01","modified_gmt":"2017-03-22T22:24:01","slug":"rekord","status":"publish","type":"page","link":"https:\/\/simning.nu\/umea\/rekord\/","title":{"rendered":"Rekord"},"content":{"rendered":"<p>Masters-rekord finns att hitta p\u00e5 dessa l\u00e4nkar:<\/p>\n<ul>\n<li><a href=\"http:\/\/www.svensksimidrott.se\/Varagrenar\/Masters\/RekordochResultat\/Rekord\/\" target=\"_blank\">Svenska och nordiska rekord f\u00f6r Masters (Svenska simf\u00f6rbundet)<\/a><\/li>\n<li><a href=\"http:\/\/www.len.eu\/?page_id=4184\" target=\"_blank\">Europeiska rekord f\u00f6r Masters (LEN)<\/a><\/li>\n<li><a href=\"http:\/\/www.fina.org\/content\/masters-records\" target=\"_blank\">V\u00e4rldsrekord f\u00f6r Masters (FINA)<\/a><\/li>\n<\/ul>\n<p>Med f\u00f6rhoppning om att m\u00e5nga nya rekord kommer att s\u00e4tta i Ume\u00e5!<\/p>\n","protected":false},"excerpt":{"rendered":"<p>Masters-rekord finns att hitta p\u00e5 dessa l\u00e4nkar: Svenska och nordiska rekord f\u00f6r Masters (Svenska simf\u00f6rbundet) Europeiska rekord f\u00f6r Masters (LEN) V\u00e4rldsrekord f\u00f6r Masters (FINA) Med f\u00f6rhoppning om att m\u00e5nga nya rekord kommer att s\u00e4tta i Ume\u00e5!<\/p>\n","protected":false},"author":1,"featured_media":0,"parent":0,"menu_order":0,"comment_status":"closed","ping_status":"closed","template":"","meta":{"footnotes":""},"class_list":["post-17","page","type-page","status-publish","hentry"],"_links":{"self":[{"href":"https:\/\/simning.nu\/umea\/wp-json\/wp\/v2\/pages\/17","targetHints":{"allow":["GET"]}}],"collection":[{"href":"https:\/\/simning.nu\/umea\/wp-json\/wp\/v2\/pages"}],"about":[{"href":"https:\/\/simning.nu\/umea\/wp-json\/wp\/v2\/types\/page"}],"author":[{"embeddable":true,"href":"https:\/\/simning.nu\/umea\/wp-json\/wp\/v2\/users\/1"}],"replies":[{"embeddable":true,"href":"https:\/\/simning.nu\/umea\/wp-json\/wp\/v2\/comments?post=17"}],"version-history":[{"count":8,"href":"https:\/\/simning.nu\/umea\/wp-json\/wp\/v2\/pages\/17\/revisions"}],"predecessor-version":[{"id":146,"href":"https:\/\/simning.nu\/umea\/wp-json\/wp\/v2\/pages\/17\/revisions\/146"}],"wp:attachment":[{"href":"https:\/\/simning.nu\/umea\/wp-json\/wp\/v2\/media?parent=17"}],"curies":[{"name":"wp","href":"https:\/\/api.w.org\/{rel}","templated":true}]}}