{"id":15,"date":"2017-02-21T22:29:32","date_gmt":"2017-02-21T21:29:32","guid":{"rendered":"https:\/\/simning.nu\/masters-sm-2017-umea\/?page_id=15"},"modified":"2017-09-08T14:04:33","modified_gmt":"2017-09-08T12:04:33","slug":"grenordning","status":"publish","type":"page","link":"https:\/\/simning.nu\/umea\/grenordning\/","title":{"rendered":"Grenordning"},"content":{"rendered":"<p>H\u00e4r \u00e4r grenordningen f\u00f6r Masters-SM i l\u00e5ngbana i Ume\u00e5 24-25 november 2017, baserad p\u00e5 <a href=\"http:\/\/www.svensksimidrott.se\/globalassets\/svenska-simforbundet-masters\/dokument\/masters_sm_2013-2019.pdf\" target=\"_blank\" rel=\"noopener\">Svenska Simf\u00f6rbundets grenordning f\u00f6r udda \u00e5r<\/a>.<\/p>\n<h3>FREDAG Pass 1<\/h3>\n<table>\n<tbody>\n<tr>\n<td><strong>1<\/strong><\/td>\n<td>200m Medley<\/td>\n<td>Damer<\/td>\n<\/tr>\n<tr>\n<td><strong>2<\/strong><\/td>\n<td>200m Medley<\/td>\n<td>Herrar<\/td>\n<\/tr>\n<tr>\n<td><strong>3<\/strong><\/td>\n<td>100m Ryggsim<\/td>\n<td>Damer<\/td>\n<\/tr>\n<tr>\n<td><strong>4<\/strong><\/td>\n<td>100m Ryggsim<\/td>\n<td>Herrar<\/td>\n<\/tr>\n<tr>\n<td><strong>5<\/strong><\/td>\n<td>100m Fj\u00e4rilsim<\/td>\n<td>Damer<\/td>\n<\/tr>\n<tr>\n<td><strong>6<\/strong><\/td>\n<td>100m Fj\u00e4rilsim<\/td>\n<td>Herrar<\/td>\n<\/tr>\n<tr>\n<td><strong>7<\/strong><\/td>\n<td>50m Br\u00f6stsim<\/td>\n<td>Damer<\/td>\n<\/tr>\n<tr>\n<td><strong>8<\/strong><\/td>\n<td>50m Br\u00f6stsim<\/td>\n<td>Herrar<\/td>\n<\/tr>\n<tr>\n<td><strong>9<\/strong><\/td>\n<td>4x100m Medley<\/td>\n<td>Damer<\/td>\n<\/tr>\n<tr>\n<td><strong>10<\/strong><\/td>\n<td>4x100m Medley<\/td>\n<td>Herrar<\/td>\n<\/tr>\n<tr>\n<td><strong>11<\/strong><\/td>\n<td>1500m Frisim<\/td>\n<td>Damer<\/td>\n<\/tr>\n<tr>\n<td><strong>12<\/strong><\/td>\n<td>800m Frisim<\/td>\n<td>Herrar<\/td>\n<\/tr>\n<\/tbody>\n<\/table>\n<h3>L\u00d6RDAG Pass 2<\/h3>\n<table>\n<tbody>\n<tr>\n<td><strong>13<\/strong><\/td>\n<td>50m Frisim<\/td>\n<td>Damer<\/td>\n<\/tr>\n<tr>\n<td><strong>14<\/strong><\/td>\n<td>50m Frisim<\/td>\n<td>Herrar<\/td>\n<\/tr>\n<tr>\n<td><strong>15<\/strong><\/td>\n<td>200m Ryggsim<\/td>\n<td>Damer<\/td>\n<\/tr>\n<tr>\n<td><strong>16<\/strong><\/td>\n<td>200m Ryggsim<\/td>\n<td>Herrar<\/td>\n<\/tr>\n<tr>\n<td><strong>17<\/strong><\/td>\n<td>50m Fj\u00e4rilsim<\/td>\n<td>Damer<\/td>\n<\/tr>\n<tr>\n<td><strong>18<\/strong><\/td>\n<td>50m Fj\u00e4rilsim<\/td>\n<td>Herrar<\/td>\n<\/tr>\n<tr>\n<td><strong>19<\/strong><\/td>\n<td>200m Frisim<\/td>\n<td>Damer<\/td>\n<\/tr>\n<tr>\n<td><strong>20<\/strong><\/td>\n<td>200m Frisim<\/td>\n<td>Herrar<\/td>\n<\/tr>\n<tr>\n<td><strong>21<\/strong><\/td>\n<td>4x100m Frisim<\/td>\n<td>Damer<\/td>\n<\/tr>\n<tr>\n<td><strong>22<\/strong><\/td>\n<td>4x100m Frisim<\/td>\n<td>Herrar<\/td>\n<\/tr>\n<\/tbody>\n<\/table>\n<h3>L\u00d6RDAG Pass 3<\/h3>\n<table>\n<tbody>\n<tr>\n<td><strong>23<\/strong><\/td>\n<td>4x100m Frisim<\/td>\n<td>Mixed<\/td>\n<\/tr>\n<tr>\n<td><strong>24<\/strong><\/td>\n<td>50m Ryggsim<\/td>\n<td>Damer<\/td>\n<\/tr>\n<tr>\n<td><strong>25<\/strong><\/td>\n<td>50m Ryggsim<\/td>\n<td>Herrar<\/td>\n<\/tr>\n<tr>\n<td><strong>26<\/strong><\/td>\n<td>100m Br\u00f6stsim<\/td>\n<td>Damer<\/td>\n<\/tr>\n<tr>\n<td><strong>27<\/strong><\/td>\n<td>100m Br\u00f6stsim<\/td>\n<td>Herrar<\/td>\n<\/tr>\n<tr>\n<td><strong>28<\/strong><\/td>\n<td>100m Frisim<\/td>\n<td>Damer<\/td>\n<\/tr>\n<tr>\n<td><strong>29<\/strong><\/td>\n<td>100m Frisim<\/td>\n<td>Herrar<\/td>\n<\/tr>\n<tr>\n<td><strong>30<\/strong><\/td>\n<td>4x100m Medley<\/td>\n<td>Mixed<\/td>\n<\/tr>\n<\/tbody>\n<\/table>\n","protected":false},"excerpt":{"rendered":"<p>H\u00e4r \u00e4r grenordningen f\u00f6r Masters-SM i l\u00e5ngbana i Ume\u00e5 24-25 november 2017, baserad p\u00e5 Svenska Simf\u00f6rbundets grenordning f\u00f6r udda \u00e5r. FREDAG Pass 1 1 200m Medley Damer 2 200m Medley Herrar 3 100m Ryggsim Damer 4 100m Ryggsim Herrar 5<\/p>\n","protected":false},"author":1,"featured_media":0,"parent":0,"menu_order":0,"comment_status":"closed","ping_status":"closed","template":"","meta":{"footnotes":""},"class_list":["post-15","page","type-page","status-publish","hentry"],"_links":{"self":[{"href":"https:\/\/simning.nu\/umea\/wp-json\/wp\/v2\/pages\/15","targetHints":{"allow":["GET"]}}],"collection":[{"href":"https:\/\/simning.nu\/umea\/wp-json\/wp\/v2\/pages"}],"about":[{"href":"https:\/\/simning.nu\/umea\/wp-json\/wp\/v2\/types\/page"}],"author":[{"embeddable":true,"href":"https:\/\/simning.nu\/umea\/wp-json\/wp\/v2\/users\/1"}],"replies":[{"embeddable":true,"href":"https:\/\/simning.nu\/umea\/wp-json\/wp\/v2\/comments?post=15"}],"version-history":[{"count":14,"href":"https:\/\/simning.nu\/umea\/wp-json\/wp\/v2\/pages\/15\/revisions"}],"predecessor-version":[{"id":243,"href":"https:\/\/simning.nu\/umea\/wp-json\/wp\/v2\/pages\/15\/revisions\/243"}],"wp:attachment":[{"href":"https:\/\/simning.nu\/umea\/wp-json\/wp\/v2\/media?parent=15"}],"curies":[{"name":"wp","href":"https:\/\/api.w.org\/{rel}","templated":true}]}}