{"id":13,"date":"2017-02-21T22:29:22","date_gmt":"2017-02-21T21:29:22","guid":{"rendered":"https:\/\/simning.nu\/masters-sm-2017-umea\/?page_id=13"},"modified":"2017-11-07T15:23:14","modified_gmt":"2017-11-07T14:23:14","slug":"kamratfesten","status":"publish","type":"page","link":"https:\/\/simning.nu\/umea\/kamratfesten\/","title":{"rendered":"Kamratfesten"},"content":{"rendered":"<p>Kamratfesten vid Masters-SM i Ume\u00e5 arrangeras p\u00e5 hotell Scandic Plaza efter t\u00e4vlingens slut p\u00e5 l\u00f6rdagskv\u00e4llen den 25 november, med start klockan 20.00.<\/p>\n<p>Scandic Plaza ligger p\u00e5 Storgatan 40, cirka <a href=\"https:\/\/www.google.se\/maps\/dir\/Navet,+V%C3%A4stra+Kyrkogatan,+Ume%C3%A5\/Scandic+Plaza+Ume%C3%A5,+Storgatan,+Ume%C3%A5\/@63.8259829,20.259544,16z\/data=!3m1!4b1!4m14!4m13!1m5!1m1!1s0x467c5b0e65e01eed:0x3721c533b5adff09!2m2!1d20.269574!2d63.826907!1m5!1m1!1s0x467c5b0c8d818ff7:0xd3be24e8d24b919!2m2!1d20.2582688!2d63.8254077!3e2\" target=\"_blank\" rel=\"noopener\">9 minuters g\u00e5ngv\u00e4g<\/a> fr\u00e5n simhallen Navet.<\/p>\n<p><img loading=\"lazy\" decoding=\"async\" class=\"alignnone size-full wp-image-286\" src=\"https:\/\/simning.nu\/umea\/wordpress\/wp-content\/uploads\/2017\/02\/scandic-entre-v1.jpg\" alt=\"\" width=\"936\" height=\"568\" data-headline=\"scandic-entre-v1\" srcset=\"https:\/\/simning.nu\/umea\/wordpress\/wp-content\/uploads\/2017\/02\/scandic-entre-v1.jpg 936w, https:\/\/simning.nu\/umea\/wordpress\/wp-content\/uploads\/2017\/02\/scandic-entre-v1-300x182.jpg 300w, https:\/\/simning.nu\/umea\/wordpress\/wp-content\/uploads\/2017\/02\/scandic-entre-v1-768x466.jpg 768w\" sizes=\"auto, (max-width: 936px) 100vw, 936px\" \/><\/p>\n<p>Kostnad: <strong>500 kr per person<br \/>\n<\/strong><em>I priset ing\u00e5r buff\u00e9, 1 glas \u00f6l, vin eller alkoholfritt alternativ.<\/em><\/p>\n<p>Bar intill lokalen samt festv\u00e5ningslokalen mellan kl. 20.00-01.00.<br \/>\nDJ med musik och dans.<\/p>\n<h4>Buff\u00e9 Norrland<\/h4>\n<p><em>Fl\u00e4skytterfil\u00e9 med skogssvamp och vattlingon<\/em><br \/>\n<em> Tj\u00e4lkn\u00f6l<\/em><br \/>\n<em> Nyr\u00f6kt enb\u00e4rsgravad lax<\/em><br \/>\n<em> Rotsaksgrat\u00e4ng<\/em><br \/>\n<em> V\u00e4sterbottenostpaj med sikromstopping<\/em><br \/>\n<em> Potatissallad, senapss\u00e5s, pressgurka<\/em><\/p>\n<p>I buff\u00e9n ing\u00e5r en smakrik salladsbuff\u00e9 med regionens gr\u00f6nsaker,<br \/>\nnybakat br\u00f6d, eget vispat sm\u00f6r, ostbricka, dessert och kaffe.<\/p>\n<p>V\u00e4nligen kontakta Camilla Johansson-Sponseller p\u00e5 <a href=\"mailto:uss.sportchef@gmail.com\">uss.sportchef@gmail.com<\/a> vid anm\u00e4lan och f\u00f6r specialkost.<\/p>\n<p><strong>OBS: Sista dag f\u00f6r anm\u00e4lan \u00e4r <span style=\"color: #ff0000;\">torsdag 9 november<\/span>. Observera ocks\u00e5 att anm\u00e4lan \u00e4r bindande.<br \/>\n<\/strong><\/p>\n","protected":false},"excerpt":{"rendered":"<p>Kamratfesten vid Masters-SM i Ume\u00e5 arrangeras p\u00e5 hotell Scandic Plaza efter t\u00e4vlingens slut p\u00e5 l\u00f6rdagskv\u00e4llen den 25 november, med start klockan 20.00. Scandic Plaza ligger p\u00e5 Storgatan 40, cirka 9 minuters g\u00e5ngv\u00e4g fr\u00e5n simhallen Navet. Kostnad: 500 kr per person<\/p>\n","protected":false},"author":1,"featured_media":0,"parent":0,"menu_order":0,"comment_status":"closed","ping_status":"closed","template":"","meta":{"footnotes":""},"class_list":["post-13","page","type-page","status-publish","hentry"],"_links":{"self":[{"href":"https:\/\/simning.nu\/umea\/wp-json\/wp\/v2\/pages\/13","targetHints":{"allow":["GET"]}}],"collection":[{"href":"https:\/\/simning.nu\/umea\/wp-json\/wp\/v2\/pages"}],"about":[{"href":"https:\/\/simning.nu\/umea\/wp-json\/wp\/v2\/types\/page"}],"author":[{"embeddable":true,"href":"https:\/\/simning.nu\/umea\/wp-json\/wp\/v2\/users\/1"}],"replies":[{"embeddable":true,"href":"https:\/\/simning.nu\/umea\/wp-json\/wp\/v2\/comments?post=13"}],"version-history":[{"count":12,"href":"https:\/\/simning.nu\/umea\/wp-json\/wp\/v2\/pages\/13\/revisions"}],"predecessor-version":[{"id":308,"href":"https:\/\/simning.nu\/umea\/wp-json\/wp\/v2\/pages\/13\/revisions\/308"}],"wp:attachment":[{"href":"https:\/\/simning.nu\/umea\/wp-json\/wp\/v2\/media?parent=13"}],"curies":[{"name":"wp","href":"https:\/\/api.w.org\/{rel}","templated":true}]}}