{"id":11,"date":"2017-02-21T22:28:49","date_gmt":"2017-02-21T21:28:49","guid":{"rendered":"https:\/\/simning.nu\/masters-sm-2017-umea\/?page_id=11"},"modified":"2017-07-01T01:24:14","modified_gmt":"2017-06-30T23:24:14","slug":"mat","status":"publish","type":"page","link":"https:\/\/simning.nu\/umea\/mat\/","title":{"rendered":"Mat"},"content":{"rendered":"<p>Centrala Ume\u00e5 bjuder p\u00e5 ett rikt utbud av mat f\u00f6r alla \u00f6nskem\u00e5l. Nedan n\u00e5gra f\u00f6rslag p\u00e5 restauranger men det finns m\u00e5nga fler \u00e4n s\u00e5 inom promenadavst\u00e5nd fr\u00e5n simhallen.<\/p>\n<hr \/>\n<h4>TC Teatercafet Bar &amp; Restaurang<\/h4>\n<p><strong>Adress:<\/strong> Skolgatan 59, 903 29 Ume\u00e5<br \/>\n<strong>Telefon:<\/strong> 090-15 63 21<br \/>\n<strong>Hemsida:<\/strong> <a href=\"http:\/\/www.teatercafet.se\/\">teatercafet.se<\/a><\/p>\n<h4>Eastern Palace<\/h4>\n<p><strong>Adress:<\/strong> Vasagatan 12, 903 29 Ume\u00e5<br \/>\n<strong>Telefon:<\/strong> 090-13 88 39<br \/>\n<strong>Hemsida:<\/strong> <a href=\"http:\/\/www.easternpalace.se\/\">easternpalace.se<\/a><\/p>\n<h4>Restaurang Balder<\/h4>\n<p><strong>Adress:<\/strong> Skolgatan 58A, 903 27 Ume\u00e5<br \/>\n<strong>Telefon:<\/strong> 090-14 36 90<br \/>\n<strong>Hemsida:<\/strong> <a href=\"http:\/\/www.restaurangbalder.com\/\">restaurangbalder.com<\/a><\/p>\n<h4>Rex Ume\u00e5<\/h4>\n<p><strong>Adress:<\/strong> R\u00e5dhustorget 1, 903 26 Ume\u00e5<br \/>\n<strong>Telefon:<\/strong> 090-70 60 50<br \/>\n<strong>Hemsida:<\/strong> <a href=\"http:\/\/www.rexumea.com\/\">rexumea.com<\/a><\/p>\n<h4>TajMahal<\/h4>\n<p><strong>Adress:<\/strong> Vasagatan 10, 903 29 Ume\u00e5<br \/>\n<strong>Telefon:<\/strong> 090-12 12 52<br \/>\n<strong>Hemsida:<\/strong> <a href=\"http:\/\/www.tajmahalumea.com\/\">tajmahalumea.com<\/a><\/p>\n<h4>Restaurang Gandhi<\/h4>\n<p><strong>Adress:<\/strong> J\u00e4rnv\u00e4gsall\u00e9n 18, 903 28 Ume\u00e5<br \/>\n<strong>Telefon:<\/strong> 090-12 50 75<br \/>\n<strong>Hemsida:<\/strong> <a href=\"http:\/\/gandhi.se\/\">gandhi.se<\/a><\/p>\n","protected":false},"excerpt":{"rendered":"<p>Centrala Ume\u00e5 bjuder p\u00e5 ett rikt utbud av mat f\u00f6r alla \u00f6nskem\u00e5l. Nedan n\u00e5gra f\u00f6rslag p\u00e5 restauranger men det finns m\u00e5nga fler \u00e4n s\u00e5 inom promenadavst\u00e5nd fr\u00e5n simhallen. TC Teatercafet Bar &amp; Restaurang Adress: Skolgatan 59, 903 29 Ume\u00e5 Telefon:<\/p>\n","protected":false},"author":1,"featured_media":0,"parent":0,"menu_order":0,"comment_status":"closed","ping_status":"closed","template":"","meta":{"footnotes":""},"class_list":["post-11","page","type-page","status-publish","hentry"],"_links":{"self":[{"href":"https:\/\/simning.nu\/umea\/wp-json\/wp\/v2\/pages\/11","targetHints":{"allow":["GET"]}}],"collection":[{"href":"https:\/\/simning.nu\/umea\/wp-json\/wp\/v2\/pages"}],"about":[{"href":"https:\/\/simning.nu\/umea\/wp-json\/wp\/v2\/types\/page"}],"author":[{"embeddable":true,"href":"https:\/\/simning.nu\/umea\/wp-json\/wp\/v2\/users\/1"}],"replies":[{"embeddable":true,"href":"https:\/\/simning.nu\/umea\/wp-json\/wp\/v2\/comments?post=11"}],"version-history":[{"count":7,"href":"https:\/\/simning.nu\/umea\/wp-json\/wp\/v2\/pages\/11\/revisions"}],"predecessor-version":[{"id":235,"href":"https:\/\/simning.nu\/umea\/wp-json\/wp\/v2\/pages\/11\/revisions\/235"}],"wp:attachment":[{"href":"https:\/\/simning.nu\/umea\/wp-json\/wp\/v2\/media?parent=11"}],"curies":[{"name":"wp","href":"https:\/\/api.w.org\/{rel}","templated":true}]}}