{"id":107,"date":"2017-03-17T17:03:27","date_gmt":"2017-03-17T16:03:27","guid":{"rendered":"https:\/\/simning.nu\/umea\/?page_id=107"},"modified":"2017-10-24T20:43:28","modified_gmt":"2017-10-24T18:43:28","slug":"res-till-umea","status":"publish","type":"page","link":"https:\/\/simning.nu\/umea\/res-till-umea\/","title":{"rendered":"Res till Ume\u00e5"},"content":{"rendered":"<p>Det \u00e4r enkelt att ta sig till Ume\u00e5, och vidare till simhallen Navet. Snabbaste s\u00e4ttet f\u00f6r l\u00e5ngv\u00e4ga g\u00e4ster \u00e4r flyg fr\u00e5n Stockholm (Arlanda eller Bromma).<\/p>\n<h2>Flyg<\/h2>\n<p>Flyg till Ume\u00e5 tar knappt en timme fr\u00e5n Stockholm (Arlanda och Bromma). <a href=\"https:\/\/www.norwegian.com\/se\/\" target=\"_blank\" rel=\"noopener\">Norwegian<\/a>, <a href=\"https:\/\/www.sas.se\/\" target=\"_blank\" rel=\"noopener\">SAS<\/a> och <a href=\"https:\/\/www.flygbra.se\/\" target=\"_blank\" rel=\"noopener\">BRA<\/a> flyger alla dagligen mellan Ume\u00e5 flygplats och Arlanda eller Bromma.<\/p>\n<p><a href=\"https:\/\/www.swedavia.se\/umea\/\" target=\"_blank\" rel=\"noopener\">Ume\u00e5 flygplats<\/a> ligger endast 6 minuter (4 km) fr\u00e5n centrala Ume\u00e5, d\u00e4r <a href=\"https:\/\/simning.nu\/umea\/simhallen-navet\/\">simhallen Navet<\/a> finns. Flygbuss <a href=\"http:\/\/www.tabussen.nu\/flygbussen\/\" target=\"_blank\" rel=\"noopener\">sk\u00f6ts av L\u00e4nstrafiken<\/a>, restid cirka 15 minuter. D\u00e4refter g\u00e5ngavst\u00e5nd till simhallen och centrala hotell i Ume\u00e5.<\/p>\n<h2>T\u00e5g<\/h2>\n<p><a href=\"https:\/\/www.sj.se\/\" target=\"_blank\" rel=\"noopener\">SJ<\/a> och <a href=\"https:\/\/www.norrtag.se\/\" target=\"_blank\" rel=\"noopener\">Norrt\u00e5g<\/a> trafikerar t\u00e5gtrafiken till och fr\u00e5n Ume\u00e5.<\/p>\n<p><a href=\"http:\/\/www.inab.umea.se\/ominab\/verksamhet\/umeacresecentrum.4.20690b651567dc7526c17db8.html\" target=\"_blank\" rel=\"noopener\">Ume\u00e5 C<\/a> \u00e4r t\u00e5gstationen i centrala Ume\u00e5. D\u00e4rifr\u00e5n \u00e4r det bara <a href=\"https:\/\/www.google.se\/maps\/dir\/Ume%C3%A5+Centralstation,+Ume%C3%A5\/Navet,+V%C3%A4stra+Kyrkogatan,+Ume%C3%A5\/@63.8282909,20.2656699,17z\/am=t\/data=!4m13!4m12!1m5!1m1!1s0x467c5b126dc75c7d:0x9c467f236aab9fd3!2m2!1d20.266814!2d63.8300607!1m5!1m1!1s0x467c5b0e65e01eed:0x3721c533b5adff09!2m2!1d20.269574!2d63.826907\" target=\"_blank\" rel=\"noopener\">500 meters g\u00e5ngv\u00e4g till simhallen Navet<\/a>.<\/p>\n<h2>Buss<\/h2>\n<p>Det g\u00e5r bussar l\u00e4ngs Norrlandskusten till och fr\u00e5n Ume\u00e5. Bland annat k\u00f6r <a href=\"https:\/\/www.swebus.se\/\" target=\"_blank\" rel=\"noopener\">Swebus<\/a>, <a href=\"https:\/\/www.ybuss.se\/\" target=\"_blank\" rel=\"noopener\">Ybuss<\/a> och <a href=\"http:\/\/www.tabussen.nu\/lanstrafiken\/\" target=\"_blank\" rel=\"noopener\">L\u00e4nstrafiken V\u00e4sterbotten<\/a>.<\/p>\n<p><a href=\"http:\/\/www.tabussen.nu\/lanstrafiken\/kundservice\/vara-busstationer\/reseinfo-umea-busstation\/\" target=\"_blank\" rel=\"noopener\">Ume\u00e5 busstation<\/a> ligger intill Ume\u00e5 C (t\u00e5gstationen) och fr\u00e5n den \u00e4r det cirka <a href=\"https:\/\/www.google.se\/maps\/dir\/Ume%C3%A5+Busstation,+Ume%C3%A5\/Navet,+V%C3%A4stra+Kyrkogatan,+Ume%C3%A5\/@63.8282509,20.2654541,17z\/data=!3m1!4b1!4m13!4m12!1m5!1m1!1s0x467c5b0d80839879:0x1cf0500934a5f5b3!2m2!1d20.2647458!2d63.8299808!1m5!1m1!1s0x467c5b0e65e01eed:0x3721c533b5adff09!2m2!1d20.269574!2d63.826907\" target=\"_blank\" rel=\"noopener\">600 meters g\u00e5ngv\u00e4g till simhallen Navet<\/a>.<\/p>\n<p>&nbsp;<\/p>\n","protected":false},"excerpt":{"rendered":"<p>Det \u00e4r enkelt att ta sig till Ume\u00e5, och vidare till simhallen Navet. Snabbaste s\u00e4ttet f\u00f6r l\u00e5ngv\u00e4ga g\u00e4ster \u00e4r flyg fr\u00e5n Stockholm (Arlanda eller Bromma). Flyg Flyg till Ume\u00e5 tar knappt en timme fr\u00e5n Stockholm (Arlanda och Bromma). Norwegian, SAS<\/p>\n","protected":false},"author":1,"featured_media":0,"parent":0,"menu_order":0,"comment_status":"closed","ping_status":"closed","template":"","meta":{"footnotes":""},"class_list":["post-107","page","type-page","status-publish","hentry"],"_links":{"self":[{"href":"https:\/\/simning.nu\/umea\/wp-json\/wp\/v2\/pages\/107","targetHints":{"allow":["GET"]}}],"collection":[{"href":"https:\/\/simning.nu\/umea\/wp-json\/wp\/v2\/pages"}],"about":[{"href":"https:\/\/simning.nu\/umea\/wp-json\/wp\/v2\/types\/page"}],"author":[{"embeddable":true,"href":"https:\/\/simning.nu\/umea\/wp-json\/wp\/v2\/users\/1"}],"replies":[{"embeddable":true,"href":"https:\/\/simning.nu\/umea\/wp-json\/wp\/v2\/comments?post=107"}],"version-history":[{"count":7,"href":"https:\/\/simning.nu\/umea\/wp-json\/wp\/v2\/pages\/107\/revisions"}],"predecessor-version":[{"id":303,"href":"https:\/\/simning.nu\/umea\/wp-json\/wp\/v2\/pages\/107\/revisions\/303"}],"wp:attachment":[{"href":"https:\/\/simning.nu\/umea\/wp-json\/wp\/v2\/media?parent=107"}],"curies":[{"name":"wp","href":"https:\/\/api.w.org\/{rel}","templated":true}]}}